{"id":3952,"date":"2018-11-15T20:39:45","date_gmt":"2018-11-15T18:39:45","guid":{"rendered":"http:\/\/109.163.208.1\/~visitinari\/?page_id=3952"},"modified":"2020-03-23T12:31:05","modified_gmt":"2020-03-23T10:31:05","slug":"laskutussopimus","status":"publish","type":"page","link":"https:\/\/visitinari.fi\/fi\/laskutussopimus\/","title":{"rendered":"Laskutussopimus"},"content":{"rendered":"<div class=\"wpforms-container wpforms-container-full\" id=\"wpforms-3951\"><form id=\"wpforms-form-3951\" class=\"wpforms-validate wpforms-form\" data-formid=\"3951\" method=\"post\" enctype=\"multipart\/form-data\" action=\"\/fi\/wp-json\/wp\/v2\/pages\/3952\" data-token=\"857389e5e11ba44f1a7cebf104b3e4b8\" data-token-time=\"1776417893\"><noscript class=\"wpforms-error-noscript\">Please enable JavaScript in your browser to complete this form.<\/noscript><div class=\"wpforms-field-container\"><div id=\"wpforms-3951-field_2-container\" class=\"wpforms-field wpforms-field-text\" data-field-id=\"2\"><label class=\"wpforms-field-label\" for=\"wpforms-3951-field_2\">Yritys\/Yhteis\u00f6 <span class=\"wpforms-required-label\">*<\/span><\/label><input type=\"text\" id=\"wpforms-3951-field_2\" class=\"wpforms-field-medium wpforms-field-required\" name=\"wpforms[fields][2]\" required><\/div><div id=\"wpforms-3951-field_3-container\" class=\"wpforms-field wpforms-field-text\" data-field-id=\"3\"><label class=\"wpforms-field-label\" for=\"wpforms-3951-field_3\">Y-tunnus <span class=\"wpforms-required-label\">*<\/span><\/label><input type=\"text\" id=\"wpforms-3951-field_3\" class=\"wpforms-field-medium wpforms-field-required\" name=\"wpforms[fields][3]\" required><\/div><div id=\"wpforms-3951-field_4-container\" class=\"wpforms-field wpforms-field-text\" data-field-id=\"4\"><label class=\"wpforms-field-label\" for=\"wpforms-3951-field_4\">Laskutusosoite <span class=\"wpforms-required-label\">*<\/span><\/label><input type=\"text\" id=\"wpforms-3951-field_4\" class=\"wpforms-field-medium wpforms-field-required\" name=\"wpforms[fields][4]\" required><\/div><div id=\"wpforms-3951-field_7-container\" class=\"wpforms-field wpforms-field-text\" data-field-id=\"7\"><label class=\"wpforms-field-label\" for=\"wpforms-3951-field_7\">Postinumero ja Paikkakunta <span class=\"wpforms-required-label\">*<\/span><\/label><input type=\"text\" id=\"wpforms-3951-field_7\" class=\"wpforms-field-medium wpforms-field-required\" name=\"wpforms[fields][7]\" required><\/div><div id=\"wpforms-3951-field_8-container\" class=\"wpforms-field wpforms-field-text\" data-field-id=\"8\"><label class=\"wpforms-field-label\" for=\"wpforms-3951-field_8\">Viite (esim. osasto\/toimipiste)<\/label><input type=\"text\" id=\"wpforms-3951-field_8\" class=\"wpforms-field-medium\" name=\"wpforms[fields][8]\" ><\/div><div id=\"wpforms-3951-field_9-container\" class=\"wpforms-field wpforms-field-name\" data-field-id=\"9\"><label class=\"wpforms-field-label\">Yhteyshenkil\u00f6 <span class=\"wpforms-required-label\">*<\/span><\/label><div class=\"wpforms-field-row wpforms-field-medium\"><div class=\"wpforms-field-row-block wpforms-first wpforms-one-half\"><input type=\"text\" id=\"wpforms-3951-field_9\" class=\"wpforms-field-name-first wpforms-field-required\" name=\"wpforms[fields][9][first]\" required><label for=\"wpforms-3951-field_9\" class=\"wpforms-field-sublabel after\">First<\/label><\/div><div class=\"wpforms-field-row-block wpforms-one-half\"><input type=\"text\" id=\"wpforms-3951-field_9-last\" class=\"wpforms-field-name-last wpforms-field-required\" name=\"wpforms[fields][9][last]\" required><label for=\"wpforms-3951-field_9-last\" class=\"wpforms-field-sublabel after\">Last<\/label><\/div><\/div><\/div><div id=\"wpforms-3951-field_10-container\" class=\"wpforms-field wpforms-field-email\" data-field-id=\"10\"><label class=\"wpforms-field-label\" for=\"wpforms-3951-field_10\">Email <span class=\"wpforms-required-label\">*<\/span><\/label><input type=\"email\" id=\"wpforms-3951-field_10\" class=\"wpforms-field-medium wpforms-field-required\" name=\"wpforms[fields][10]\" spellcheck=\"false\" required><\/div><div id=\"wpforms-3951-field_11-container\" class=\"wpforms-field wpforms-field-number\" data-field-id=\"11\"><label class=\"wpforms-field-label\" for=\"wpforms-3951-field_11\">Puhelin <span class=\"wpforms-required-label\">*<\/span><\/label><input type=\"number\" id=\"wpforms-3951-field_11\" class=\"wpforms-field-medium wpforms-field-required\" name=\"wpforms[fields][11]\" step=\"any\" required><\/div><div id=\"wpforms-3951-field_17-container\" class=\"wpforms-field wpforms-field-checkbox\" data-field-id=\"17\"><label class=\"wpforms-field-label\">Haluamme k\u00e4ytt\u00e4\u00e4 verkkolaskutusta <span class=\"wpforms-required-label\">*<\/span><\/label><ul id=\"wpforms-3951-field_17\" class=\"wpforms-field-required\"><li class=\"choice-1 depth-1\"><input type=\"checkbox\" id=\"wpforms-3951-field_17_1\" name=\"wpforms[fields][17][]\" value=\"Kyll\u00e4\" required ><label class=\"wpforms-field-label-inline\" for=\"wpforms-3951-field_17_1\">Kyll\u00e4<\/label><\/li><li class=\"choice-2 depth-1\"><input type=\"checkbox\" id=\"wpforms-3951-field_17_2\" name=\"wpforms[fields][17][]\" value=\"Ei\" required ><label class=\"wpforms-field-label-inline\" for=\"wpforms-3951-field_17_2\">Ei<\/label><\/li><\/ul><\/div><div id=\"wpforms-3951-field_13-container\" class=\"wpforms-field wpforms-field-text\" data-field-id=\"13\"><label class=\"wpforms-field-label\" for=\"wpforms-3951-field_13\">Verkkolaskuoperaattori<\/label><input type=\"text\" id=\"wpforms-3951-field_13\" class=\"wpforms-field-medium\" name=\"wpforms[fields][13]\" ><\/div><div id=\"wpforms-3951-field_14-container\" class=\"wpforms-field wpforms-field-text\" data-field-id=\"14\"><label class=\"wpforms-field-label\" for=\"wpforms-3951-field_14\">OVT-tunnus<\/label><input type=\"text\" id=\"wpforms-3951-field_14\" class=\"wpforms-field-medium\" name=\"wpforms[fields][14]\" ><\/div><div id=\"wpforms-3951-field_15-container\" class=\"wpforms-field wpforms-field-text\" data-field-id=\"15\"><label class=\"wpforms-field-label\" for=\"wpforms-3951-field_15\">Verkkolaskutusosoite<\/label><input type=\"text\" id=\"wpforms-3951-field_15\" class=\"wpforms-field-medium\" name=\"wpforms[fields][15]\" ><\/div><div id=\"wpforms-3951-field_16-container\" class=\"wpforms-field wpforms-field-textarea\" data-field-id=\"16\"><label class=\"wpforms-field-label\" for=\"wpforms-3951-field_16\">Muuta tietoa<\/label><textarea id=\"wpforms-3951-field_16\" class=\"wpforms-field-medium\" name=\"wpforms[fields][16]\" ><\/textarea><\/div><\/div><!-- .wpforms-field-container --><div class=\"wpforms-field wpforms-field-hp\"><label for=\"wpforms-3951-field-hp\" class=\"wpforms-field-label\">Phone<\/label><input type=\"text\" name=\"wpforms[hp]\" id=\"wpforms-3951-field-hp\" class=\"wpforms-field-medium\"><\/div><div class=\"wpforms-recaptcha-container wpforms-is-recaptcha wpforms-is-recaptcha-type-v3\" ><input type=\"hidden\" name=\"wpforms[recaptcha]\" value=\"\"><\/div><div class=\"wpforms-submit-container\" ><input type=\"hidden\" name=\"wpforms[id]\" value=\"3951\"><input type=\"hidden\" name=\"page_title\" value=\"\"><input type=\"hidden\" name=\"page_url\" value=\"https:\/\/visitinari.fi\/fi\/wp-json\/wp\/v2\/pages\/3952\"><input type=\"hidden\" name=\"url_referer\" value=\"\"><button type=\"submit\" name=\"wpforms[submit]\" id=\"wpforms-submit-3951\" class=\"wpforms-submit\" data-alt-text=\"L\u00e4hett\u00e4\u00e4...\" data-submit-text=\"L\u00e4het\u00e4\" aria-live=\"assertive\" value=\"wpforms-submit\">L\u00e4het\u00e4<\/button><\/div><\/form><\/div>  <!-- .wpforms-container -->\n","protected":false},"excerpt":{"rendered":"","protected":false},"author":2,"featured_media":0,"parent":0,"menu_order":18,"comment_status":"closed","ping_status":"closed","template":"","meta":{"footnotes":""},"class_list":["post-3952","page","type-page","status-publish","hentry"],"yoast_head":"<!-- This site is optimized with the Yoast SEO Premium plugin v27.3 (Yoast SEO v27.3) - https:\/\/yoast.com\/product\/yoast-seo-premium-wordpress\/ -->\n<title>Laskutussopimus - Visit Inari, Suomen Lapissa<\/title>\n<meta name=\"robots\" content=\"index, follow, max-snippet:-1, max-image-preview:large, max-video-preview:-1\" \/>\n<link rel=\"canonical\" href=\"https:\/\/visitinari.fi\/fi\/laskutussopimus\/\" \/>\n<meta property=\"og:locale\" content=\"fi_FI\" \/>\n<meta property=\"og:type\" content=\"article\" \/>\n<meta property=\"og:title\" content=\"Laskutussopimus\" \/>\n<meta property=\"og:url\" content=\"https:\/\/visitinari.fi\/fi\/laskutussopimus\/\" \/>\n<meta property=\"og:site_name\" content=\"Visit Inari, Suomen Lapissa\" \/>\n<meta property=\"article:publisher\" content=\"https:\/\/www.facebook.com\/visitinarisafaris\/\" \/>\n<meta property=\"article:modified_time\" content=\"2020-03-23T10:31:05+00:00\" \/>\n<meta name=\"twitter:card\" content=\"summary_large_image\" \/>\n<script type=\"application\/ld+json\" class=\"yoast-schema-graph\">{\"@context\":\"https:\\\/\\\/schema.org\",\"@graph\":[{\"@type\":\"WebPage\",\"@id\":\"https:\\\/\\\/visitinari.fi\\\/fi\\\/laskutussopimus\\\/\",\"url\":\"https:\\\/\\\/visitinari.fi\\\/fi\\\/laskutussopimus\\\/\",\"name\":\"Laskutussopimus - Visit Inari, Suomen Lapissa\",\"isPartOf\":{\"@id\":\"https:\\\/\\\/visitinari.fi\\\/fi\\\/#website\"},\"datePublished\":\"2018-11-15T18:39:45+00:00\",\"dateModified\":\"2020-03-23T10:31:05+00:00\",\"breadcrumb\":{\"@id\":\"https:\\\/\\\/visitinari.fi\\\/fi\\\/laskutussopimus\\\/#breadcrumb\"},\"inLanguage\":\"fi\",\"potentialAction\":[{\"@type\":\"ReadAction\",\"target\":[\"https:\\\/\\\/visitinari.fi\\\/fi\\\/laskutussopimus\\\/\"]}]},{\"@type\":\"BreadcrumbList\",\"@id\":\"https:\\\/\\\/visitinari.fi\\\/fi\\\/laskutussopimus\\\/#breadcrumb\",\"itemListElement\":[{\"@type\":\"ListItem\",\"position\":1,\"name\":\"Home\",\"item\":\"https:\\\/\\\/visitinari.fi\\\/fi\\\/\"},{\"@type\":\"ListItem\",\"position\":2,\"name\":\"Laskutussopimus\"}]},{\"@type\":\"WebSite\",\"@id\":\"https:\\\/\\\/visitinari.fi\\\/fi\\\/#website\",\"url\":\"https:\\\/\\\/visitinari.fi\\\/fi\\\/\",\"name\":\"Visit Inari, Finland, Lapland\",\"description\":\"Safaris & Accommodation\",\"publisher\":{\"@id\":\"https:\\\/\\\/visitinari.fi\\\/fi\\\/#organization\"},\"potentialAction\":[{\"@type\":\"SearchAction\",\"target\":{\"@type\":\"EntryPoint\",\"urlTemplate\":\"https:\\\/\\\/visitinari.fi\\\/fi\\\/?s={search_term_string}\"},\"query-input\":{\"@type\":\"PropertyValueSpecification\",\"valueRequired\":true,\"valueName\":\"search_term_string\"}}],\"inLanguage\":\"fi\"},{\"@type\":[\"Organization\",\"Place\"],\"@id\":\"https:\\\/\\\/visitinari.fi\\\/fi\\\/#organization\",\"name\":\"Visit Inari - Accommodation & Safaris\",\"url\":\"https:\\\/\\\/visitinari.fi\\\/\",\"logo\":{\"@type\":\"ImageObject\",\"inLanguage\":\"fi\",\"@id\":\"https:\\\/\\\/visitinari.fi\\\/fi\\\/#\\\/schema\\\/logo\\\/image\\\/\",\"url\":\"https:\\\/\\\/visitinari.fi\\\/wp-content\\\/uploads\\\/2018\\\/06\\\/Visit-Inari-Safaris-Accommodation-COLOR.png\",\"contentUrl\":\"https:\\\/\\\/visitinari.fi\\\/wp-content\\\/uploads\\\/2018\\\/06\\\/Visit-Inari-Safaris-Accommodation-COLOR.png\",\"width\":1920,\"height\":1521,\"caption\":\"Visit Inari - Accommodation & Safaris\"},\"image\":{\"@id\":\"https:\\\/\\\/visitinari.fi\\\/fi\\\/#\\\/schema\\\/logo\\\/image\\\/\"},\"sameAs\":[\"https:\\\/\\\/www.facebook.com\\\/visitinarisafaris\\\/\",\"https:\\\/\\\/www.instagram.com\\\/\"],\"telephone\":[\"+358 40 179 6069\"],\"contactPoint\":{\"@type\":\"ContactPoint\",\"telephone\":\"+358 40 179 6069\",\"email\":\"sales@visitinari.fi\"},\"email\":\"sales@visitinari.fi\",\"vatID\":\"2702265-6\"}]}<\/script>\n<!-- \/ Yoast SEO Premium plugin. -->","yoast_head_json":{"title":"Laskutussopimus - Visit Inari, Suomen Lapissa","robots":{"index":"index","follow":"follow","max-snippet":"max-snippet:-1","max-image-preview":"max-image-preview:large","max-video-preview":"max-video-preview:-1"},"canonical":"https:\/\/visitinari.fi\/fi\/laskutussopimus\/","og_locale":"fi_FI","og_type":"article","og_title":"Laskutussopimus","og_url":"https:\/\/visitinari.fi\/fi\/laskutussopimus\/","og_site_name":"Visit Inari, Suomen Lapissa","article_publisher":"https:\/\/www.facebook.com\/visitinarisafaris\/","article_modified_time":"2020-03-23T10:31:05+00:00","twitter_card":"summary_large_image","schema":{"@context":"https:\/\/schema.org","@graph":[{"@type":"WebPage","@id":"https:\/\/visitinari.fi\/fi\/laskutussopimus\/","url":"https:\/\/visitinari.fi\/fi\/laskutussopimus\/","name":"Laskutussopimus - Visit Inari, Suomen Lapissa","isPartOf":{"@id":"https:\/\/visitinari.fi\/fi\/#website"},"datePublished":"2018-11-15T18:39:45+00:00","dateModified":"2020-03-23T10:31:05+00:00","breadcrumb":{"@id":"https:\/\/visitinari.fi\/fi\/laskutussopimus\/#breadcrumb"},"inLanguage":"fi","potentialAction":[{"@type":"ReadAction","target":["https:\/\/visitinari.fi\/fi\/laskutussopimus\/"]}]},{"@type":"BreadcrumbList","@id":"https:\/\/visitinari.fi\/fi\/laskutussopimus\/#breadcrumb","itemListElement":[{"@type":"ListItem","position":1,"name":"Home","item":"https:\/\/visitinari.fi\/fi\/"},{"@type":"ListItem","position":2,"name":"Laskutussopimus"}]},{"@type":"WebSite","@id":"https:\/\/visitinari.fi\/fi\/#website","url":"https:\/\/visitinari.fi\/fi\/","name":"Visit Inari, Finland, Lapland","description":"Safaris & Accommodation","publisher":{"@id":"https:\/\/visitinari.fi\/fi\/#organization"},"potentialAction":[{"@type":"SearchAction","target":{"@type":"EntryPoint","urlTemplate":"https:\/\/visitinari.fi\/fi\/?s={search_term_string}"},"query-input":{"@type":"PropertyValueSpecification","valueRequired":true,"valueName":"search_term_string"}}],"inLanguage":"fi"},{"@type":["Organization","Place"],"@id":"https:\/\/visitinari.fi\/fi\/#organization","name":"Visit Inari - Accommodation & Safaris","url":"https:\/\/visitinari.fi\/","logo":{"@type":"ImageObject","inLanguage":"fi","@id":"https:\/\/visitinari.fi\/fi\/#\/schema\/logo\/image\/","url":"https:\/\/visitinari.fi\/wp-content\/uploads\/2018\/06\/Visit-Inari-Safaris-Accommodation-COLOR.png","contentUrl":"https:\/\/visitinari.fi\/wp-content\/uploads\/2018\/06\/Visit-Inari-Safaris-Accommodation-COLOR.png","width":1920,"height":1521,"caption":"Visit Inari - Accommodation & Safaris"},"image":{"@id":"https:\/\/visitinari.fi\/fi\/#\/schema\/logo\/image\/"},"sameAs":["https:\/\/www.facebook.com\/visitinarisafaris\/","https:\/\/www.instagram.com\/"],"telephone":["+358 40 179 6069"],"contactPoint":{"@type":"ContactPoint","telephone":"+358 40 179 6069","email":"sales@visitinari.fi"},"email":"sales@visitinari.fi","vatID":"2702265-6"}]}},"_links":{"self":[{"href":"https:\/\/visitinari.fi\/fi\/wp-json\/wp\/v2\/pages\/3952","targetHints":{"allow":["GET"]}}],"collection":[{"href":"https:\/\/visitinari.fi\/fi\/wp-json\/wp\/v2\/pages"}],"about":[{"href":"https:\/\/visitinari.fi\/fi\/wp-json\/wp\/v2\/types\/page"}],"author":[{"embeddable":true,"href":"https:\/\/visitinari.fi\/fi\/wp-json\/wp\/v2\/users\/2"}],"replies":[{"embeddable":true,"href":"https:\/\/visitinari.fi\/fi\/wp-json\/wp\/v2\/comments?post=3952"}],"version-history":[{"count":0,"href":"https:\/\/visitinari.fi\/fi\/wp-json\/wp\/v2\/pages\/3952\/revisions"}],"wp:attachment":[{"href":"https:\/\/visitinari.fi\/fi\/wp-json\/wp\/v2\/media?parent=3952"}],"curies":[{"name":"wp","href":"https:\/\/api.w.org\/{rel}","templated":true}]}}