{"id":3,"date":"2018-06-05T12:21:24","date_gmt":"2018-06-05T09:21:24","guid":{"rendered":"http:\/\/109.163.208.1\/~visitinari\/?page_id=3"},"modified":"2025-11-14T13:59:08","modified_gmt":"2025-11-14T11:59:08","slug":"tietosuojaseloste","status":"publish","type":"page","link":"https:\/\/visitinari.fi\/fi\/tietosuojaseloste\/","title":{"rendered":"Tietosuojaseloste"},"content":{"rendered":"<h3>Rekisterinpit\u00e4j\u00e4<\/h3>\n<p>Nimi: VisitInari Oy (Y-tunnus 2702265-6)<br \/>\nYhteystiedot: Inarintie 40, 99870 Inari<\/p>\n<h3>Yhteyshenkil\u00f6<\/h3>\n<p>Tapani Lappalainen<br \/>\nYhteystiedot: Inarintie 40, 99870 Inari<\/p>\n<h3>Rekisterin nimi:<\/h3>\n<p>VisitInari Oy:n asiakasrekisteri.<\/p>\n<h3>Henkil\u00f6tietojen k\u00e4sittelyn tarkoitus (rekisterin k\u00e4ytt\u00f6tarkoitus)<\/h3>\n<p>Rekisterinpit\u00e4j\u00e4 k\u00e4sittelee asiakkaiden henkil\u00f6tietoja seuraavia tarkoituksia varten:<\/p>\n<ul>\n<li>asiakassuhteen hoitaminen ja kehitt\u00e4minen<\/li>\n<li>varausten hoitaminen<\/li>\n<li>maksaminen, maksujen valvonta ja perint\u00e4<\/li>\n<li>rekisterinpit\u00e4j\u00e4n tavaroiden ja palvelujen markkinointi<\/li>\n<li>rekisterinpit\u00e4j\u00e4n liiketoiminnan kehitt\u00e4minen ja siihen liittyv\u00e4 asiakaspalvelun kehitt\u00e4minen<\/li>\n<\/ul>\n<p>Henkil\u00f6tietojen k\u00e4sittely perustuu henkil\u00f6tietolain 8 pyk\u00e4l\u00e4n 1 momentin 1, 2, 5 ja 6 kohtaan.<\/p>\n<h3>Rekisterin tietosis\u00e4lt\u00f6<\/h3>\n<p>Asiakkaista ker\u00e4t\u00e4\u00e4n ja talletetaan seuraavat tiedot:<\/p>\n<ul>\n<li>asiakastiedot: etunimi, sukunimi, kieli, yhteystiedot (esim. puhelimen ja matkapuhelimen numero sek\u00e4 s\u00e4hk\u00f6postiosoite ja muu s\u00e4hk\u00f6inen osoitetieto) yhteydenottoa varten, arvo, kansalaisuus, kaupunki.<\/li>\n<li>varaustiedot (esim. tiedot aiemmin tehdyist\u00e4 varauksista ja tulevista varauksista)<\/li>\n<li>lains\u00e4\u00e4d\u00e4nn\u00f6n mukaiset suoramainonnan, et\u00e4myynnin ja muun suoramarkkinoinnin kieltotiedot<\/li>\n<li>muut asiakkaan suostumuksella ker\u00e4tt\u00e4v\u00e4t tiedot (esim. tiedot asiakkaan ilmoittamista liikuntarajoituksista, vammoista ja sairauksista, jotka ovat tarpeellisia h\u00e4nen pyyt\u00e4m\u00e4ns\u00e4 palvelun toteuttamiseksi)<\/li>\n<\/ul>\n<h3>S\u00e4\u00e4nn\u00f6nmukaiset tietol\u00e4hteet<\/h3>\n<p>Asiakkaita koskevat tiedot saadaan asiakkaan suostumuksella h\u00e4nelt\u00e4 itselt\u00e4\u00e4n (henkil\u00f6tietolain 8 pyk\u00e4l\u00e4n 1 momentin 1 kohta) ja h\u00e4nen haluamiinsa palveluiden varauksiin, sis\u00e4\u00e4nkirjautumisiin ja ostoihin liittyvist\u00e4 tapahtumista (henkil\u00f6tietolain 8 pyk\u00e4l\u00e4n 1 momentin 2 ja 5 kohdat). Henkil\u00f6tietoja voidaan ker\u00e4t\u00e4, tallettaa ja p\u00e4ivitt\u00e4\u00e4 my\u00f6s V\u00e4est\u00f6rekisterikeskuksen ja muun osoite-, p\u00e4ivitys- ja muuta vastaavaa palvelua tarjoavan rekisterinpit\u00e4j\u00e4n rekistereist\u00e4.<\/p>\n<h3>S\u00e4\u00e4nn\u00f6nmukaiset tietojen luovutukset<\/h3>\n<p>Asiakkaan henkil\u00f6tietoja ei luovuteta Visit Inari Oy:lt\u00e4 muuta kuin asiakkaan tilaukseen tuottamiseen tarvittavia tietoja mahdollisille alihankkijoille. T\u00e4ll\u00f6in luovutetaan asiakkaan nimi, kansallisuus, mahdollisesti puhelin numero (esim. joissakin kuljetusvarauksissa) sek\u00e4 palvelun tuottamiseen erityisesti liittyv\u00e4t tiedot (esim. liikunta- ja ruokarajoitteet yms). Poliisille tiedot annetaan pyynn\u00f6st\u00e4.<\/p>\n<h3>Tietojen siirto EU:n tai Euroopan talousalueen ulkopuolelle<\/h3>\n<p>Asiakkaan henkil\u00f6tietoja ei luovuteta Visit Inari Oy:lt\u00e4 EU:n tai Euroopan talousalueen ulkopuolelle.<\/p>\n<h3>Rekisterin suojauksen periaatteet<\/h3>\n<h4>A. Manuaalinen aineisto<\/h4>\n<p>Manuaalisessa muodossa olevaa aineistoa s\u00e4ilytet\u00e4\u00e4n Visit Inari Oy:n toimitiloissa, jotka on lukittu ja valvottu.<\/p>\n<h4>B. ATK:lle talletetut tiedot<\/h4>\n<p>Rekisteriin on k\u00e4ytt\u00f6oikeus vain niill\u00e4 Visit Inari Oy:n henkil\u00f6kunnalla, jotka tarvitsevat tietoja teht\u00e4viss\u00e4\u00e4n. Heill\u00e4 on k\u00e4yt\u00f6ss\u00e4\u00e4n k\u00e4ytt\u00e4j\u00e4tunnukset ja salasanat. Henkil\u00f6kunnalla on salassapitovelvollisuus.<\/p>\n<p>Tiedot sijaitsevat Crescomin suljetussa verkossa, joka on suojattu teknisesti palomuurilla.<\/p>\n<h3>HENKIL\u00d6TIETOLAIN 24 PYK\u00c4L\u00c4N MUKAINEN INFORMAATIO ASIAKKAILLE<\/h3>\n<h3>Rekisteriseloste<\/h3>\n<p>Visit Inari Oy:n asiakasrekisteri\u00e4 k\u00e4sittelev\u00e4 rekisteriseloste on n\u00e4ht\u00e4v\u00e4n\u00e4 verkkokaupassa osoitteessa <a href=\"http:\/\/visitinari.fi\">www.visitinari.fi<\/a>.<\/p>\n<h3>Tarkastusoikeus ja oikeus oikaista virheellinen tieto<\/h3>\n<p>Asiakkaalla on oikeus tarkastaa h\u00e4nt\u00e4 koskevat asiakasrekisteriss\u00e4 olevat tiedot. Kun asiakas haluaa k\u00e4ytt\u00e4\u00e4 tarkastusoikeuttaan, h\u00e4nen tulee l\u00e4hett\u00e4\u00e4 omak\u00e4tisesti allekirjoitettu tarkastuspyynt\u00f6 Visit Inari Oy:lle yll\u00e4 mainitulla osoitteella. Tarkastuspyynn\u00f6ss\u00e4 asiakkaan tulee ilmoittaa nimens\u00e4, osoitteensa ja puhelinnumeronsa. Visit Inari Oy toimittaa kirjallisen vastauksensa asiakkaalle 30 p\u00e4iv\u00e4n kuluessa siit\u00e4, kun asiakkaan kirjallinen tarkastuspyynt\u00f6 on saapunut Visit Inari Oy:lle.<\/p>\n<p>Jos asiakkaan tiedoissa on virheit\u00e4, asiakas voi esitt\u00e4\u00e4 Visit Inari Oy:lle virheen korjaamista koskevan pyynn\u00f6n.<\/p>\n<h3>Kielto-oikeus<\/h3>\n<p>Asiakkaalla on oikeus kielt\u00e4\u00e4 rekisterinpit\u00e4j\u00e4\u00e4 k\u00e4sittelem\u00e4st\u00e4 h\u00e4nt\u00e4 koskevia tietoja suoramainontaa, et\u00e4myynti\u00e4 ja muuta suoramarkkinointia varten. Asiakas voi tehd\u00e4 kiellon ilmoittamalla siit\u00e4 kirjallisesti yll\u00e4 mainittuun osoitteeseen tai soittamalla numeroon 040 179 6069.<\/p>\n<h3>HENKIL\u00d6TIETOJEN K\u00c4SITTELY Visit Inari Oy:ss\u00e4<\/h3>\n<h3>Tiedonkeruu<\/h3>\n<p>Henkil\u00f6tietoja ker\u00e4t\u00e4\u00e4n henkil\u00f6tietolakia noudattaen asiakkaan tehdess\u00e4 palveluvarauksia puhelimella, tiskilt\u00e4 varaamalla, s\u00e4hk\u00f6postilla tai www-sivujen kautta.<\/p>\n<h3>Tarkastusoikeus ja oikeus oikaista virheellinen tieto<\/h3>\n<p>Asiakkaanamme olet oikeutettu tarkastamaan sinua koskevat asiakasrekisteriss\u00e4mme olevat tiedot. Kun haluat k\u00e4ytt\u00e4\u00e4 tarkastusoikeuttasi, l\u00e4het\u00e4 allekirjoittamasi tarkastuspyynt\u00f6 em. osoitteeseen.<\/p>\n<p>Mik\u00e4li tiedoissasi on virheit\u00e4, voit esitt\u00e4\u00e4 pyynn\u00f6n virheen korjaamiseksi<\/p>\n<h3>Kielto-oikeus<\/h3>\n<p>Asiakkaalla on oikeus kielt\u00e4\u00e4 rekisterinpit\u00e4j\u00e4\u00e4 k\u00e4sittelem\u00e4st\u00e4 h\u00e4nt\u00e4 koskevia tietoja suoramainontaa, et\u00e4myynti\u00e4 ja muuta suoramarkkinointia varten. Asiakas voi tehd\u00e4 kiellon ilmoittamalla siit\u00e4 kirjallisesti yll\u00e4 mainittuun osoitteeseen tai soittamalla 040 179 6069.<\/p>\n<p>Rekister\u00f6ityneen henkil\u00f6tiedot h\u00e4vitet\u00e4\u00e4n k\u00e4ytt\u00e4j\u00e4n pyynn\u00f6st\u00e4, ellei lains\u00e4\u00e4d\u00e4nt\u00f6, avoimet laskut tai perint\u00e4toimet est\u00e4 henkil\u00f6tietojen poistamista.<\/p>\n<h3>Tiedon s\u00e4ilytys<\/h3>\n<p>Paketti-, aktiviteetti- ja kuljetusvarauksiin liittyvi\u00e4 tietoja s\u00e4ilytet\u00e4\u00e4n Crescom:n suojatussa tietoverkossa, joka on palomuurein eristetty julkisesta verkosta.<\/p>\n<p>Majoitukseen liittyvi\u00e4 tietoja s\u00e4ilytet\u00e4\u00e4n Mewsin tietojasuojak\u00e4yt\u00e4nn\u00f6n mukaan. <a href=\"https:\/\/www.mews.li\/Platform\/Document\/PrivacyPolicy\">Mews tietosuojaseloste englanniksi<\/a>.<\/p>\n<h2><strong>Ev\u00e4stek\u00e4yt\u00e4nn\u00f6t<\/strong><\/h2>\n<p>Sivustomme k\u00e4ytt\u00e4\u00e4 ev\u00e4steit\u00e4. K\u00e4ytt\u00e4m\u00e4ll\u00e4 sivustoamme hyv\u00e4ksyt ev\u00e4steiden k\u00e4yt\u00f6n. Ev\u00e4steet tekev\u00e4t sivustomme k\u00e4ytt\u00e4misest\u00e4 helppoa, nopeaa ja k\u00e4ytt\u00e4j\u00e4yst\u00e4v\u00e4llist\u00e4.<\/p>\n<h3><strong>Mit\u00e4 ovat ev\u00e4steet?<\/strong><\/h3>\n<p>Ev\u00e4ste on pieni tekstitiedosto, jonka internet-selain tallentaa k\u00e4ytt\u00e4j\u00e4n laitteelle. Ev\u00e4steet asetetaan k\u00e4ytt\u00e4j\u00e4n p\u00e4\u00e4telaitteelle ainoastaan k\u00e4ytt\u00e4j\u00e4n kutsuman sivuston mukana. Vain ev\u00e4steen l\u00e4hett\u00e4nyt palvelin voi my\u00f6hemmin lukea ja k\u00e4ytt\u00e4\u00e4 ev\u00e4stett\u00e4. Ev\u00e4steet tai muut tekniikat eiv\u00e4t vahingoita k\u00e4ytt\u00e4j\u00e4n p\u00e4\u00e4telaitetta tai tiedostoja, eik\u00e4 ev\u00e4steit\u00e4 voi k\u00e4ytt\u00e4\u00e4 ohjelmien k\u00e4ytt\u00e4miseen tai haittaohjelmien levitt\u00e4miseen. K\u00e4ytt\u00e4j\u00e4\u00e4 ei voida tunnistaa pelkkien ev\u00e4steiden avulla.<\/p>\n<p>Ev\u00e4steiden k\u00e4ytt\u00f6kohteet ovat analytiikan, markkinoinnin, viestinn\u00e4n tehostaminen. Ev\u00e4steet jakautuvat alaryhmiin: toiminnalliset ev\u00e4steet, tuotekehitys ja liiketoiminnan raportointi, mainonnan raportointi ja mainonnan kohdentaminen.<\/p>\n<p>K\u00e4yt\u00f6ss\u00e4 on joitakin palvelun toiminnan kannalta pakollisia kolmannen osapuolen ty\u00f6kaluja tai liit\u00e4nn\u00e4isi\u00e4. T\u00e4llaisia ty\u00f6kaluja ovat esimerkiksi sivustoilla olevat sosiaalisten medioiden tai videopalveluiden upotukset tai sosiaalisten medioiden jako- ja tykk\u00e4ystoiminnallisuudet. T\u00e4llaiset kolmannen osapuolen liit\u00e4nn\u00e4iset saattavat lis\u00e4ksi ker\u00e4t\u00e4 verkkopalveluiden k\u00e4ytt\u00e4jist\u00e4 tietoja esimerkiksi sis\u00e4ll\u00f6n suosittelemiseksi tai k\u00e4vij\u00e4m\u00e4\u00e4r\u00e4n seuraamiseksi.<\/p>\n<p>Jotkut ev\u00e4steet s\u00e4ilyv\u00e4t k\u00e4ytt\u00e4j\u00e4n koneella senkin j\u00e4lkeen, kun t\u00e4m\u00e4 on l\u00e4htenyt sivustolta. Ev\u00e4steet voivat s\u00e4ily\u00e4 kuukausia tai jopa vuosia viimeisen sivustolla k\u00e4ynnin j\u00e4lkeen, ellei niit\u00e4 poisteta.<\/p>\n<h3><strong>Ev\u00e4steiden k\u00e4ytt\u00f6 sivuillamme?<\/strong><\/h3>\n<p>K\u00e4ytt\u00e4ytymistietoja voidaan ker\u00e4t\u00e4 Visit Inarin palveluissa tapahtuvista vierailuista ja kolmansien osapuolten (mainostajat ja mainosverkostot, media- ja mainostoimistot, mittaus- ja seurantapalvelut) toimesta. Mekin voimme hy\u00f6dynt\u00e4\u00e4 muilta kuin omilta internet-sivustoiltamme ker\u00e4tty\u00e4 k\u00e4ytt\u00e4ytymistietoa. K\u00e4yt\u00e4mme <a href=\"https:\/\/policies.google.com\/privacy?hl=fi\">Google Analytics<\/a> \u2013mainontaominaisuuksia (Google Analyticsin kohderyhm\u00e4tietojen ja aihepiirien raportointia). Emme valvo kolmansien osapuolten k\u00e4yt\u00e4nt\u00f6j\u00e4 emmek\u00e4 vastaa niist\u00e4. Internet on avoin j\u00e4rjestelm\u00e4, jossa on mahdotonta taata, etteiv\u00e4t luvattomat kolmannet osapuolet pysty ohittamaan turvaavia toimenpiteit\u00e4 tai k\u00e4ytt\u00e4m\u00e4\u00e4n tietoja sopimattomiin tarkoituksiin.<\/p>\n<p>Digitaalisissa palveluissamme voi olla k\u00e4yt\u00f6ss\u00e4 ns. yhteis\u00f6liit\u00e4nn\u00e4isi\u00e4 toimintoja, kuten AddThis-painike, jonka sis\u00e4lt\u00f6 tulee suoraan Facebookista. Facebook, Google, Instagram, Twitter ja muut vastaavat palveluntarjoajat voivat ker\u00e4t\u00e4 tietoja k\u00e4vij\u00e4n vierailusta kulloinkin voimassaolevien ehtojensa mukaisesti.<\/p>\n<h3><strong>Ev\u00e4stetietojen est\u00e4minen<\/strong><\/h3>\n<p>Voit halutessasi est\u00e4\u00e4 selaintasi k\u00e4ytt\u00e4m\u00e4st\u00e4 ev\u00e4steit\u00e4, poistaa tallennetut ev\u00e4steet tai pyyt\u00e4\u00e4 selaimeltasi ilmoituksen uusista ev\u00e4steist\u00e4. L\u00f6yd\u00e4t ohjeita ev\u00e4steiden poistoon osoitteesta: <a href=\"https:\/\/www.youronlinechoices.com\/\">https:\/\/www.youronlinechoices.com<\/a>. Ev\u00e4steiden k\u00e4yt\u00f6n est\u00e4minen tai niiden poistaminen saattaa haitata joitakin sivustomme toimintoja.<\/p>\n<p>Voit lukea lis\u00e4\u00e4 ev\u00e4steist\u00e4 ja Suomen ev\u00e4stevaatimuksista viestint\u00e4viraston verkkosivustolta <a href=\"https:\/\/www.kyberturvallisuuskeskus.fi\/fi\/toimintamme\/saantely-ja-valvonta\/luottamuksellinen-viestinta\">https:\/\/www.kyberturvallisuuskeskus.fi\/fi\/toimintamme\/saantely-ja-valvonta\/luottamuksellinen-viestinta<\/a><\/p>\n<p><em>Varaamme oikeuden p\u00e4ivitt\u00e4\u00e4 ev\u00e4stek\u00e4yt\u00e4nt\u00f6j\u00e4 esimerkiksi palveluiden kehityksen tai pakottavan lains\u00e4\u00e4d\u00e4nn\u00f6n vuoksi.<\/em><\/p>\n","protected":false},"excerpt":{"rendered":"<p>Rekisterinpit\u00e4j\u00e4 Nimi: VisitInari Oy (Y-tunnus 2702265-6) Yhteystiedot: Inarintie 40, 99870 Inari Yhteyshenkil\u00f6 Tapani Lappalainen Yhteystiedot: Inarintie 40, 99870 Inari Rekisterin nimi: VisitInari Oy:n asiakasrekisteri. Henkil\u00f6tietojen k\u00e4sittelyn tarkoitus (rekisterin k\u00e4ytt\u00f6tarkoitus) Rekisterinpit\u00e4j\u00e4 k\u00e4sittelee asiakkaiden henkil\u00f6tietoja seuraavia tarkoituksia varten: asiakassuhteen hoitaminen ja kehitt\u00e4minen varausten hoitaminen maksaminen, maksujen valvonta ja perint\u00e4 rekisterinpit\u00e4j\u00e4n tavaroiden ja palvelujen markkinointi rekisterinpit\u00e4j\u00e4n liiketoiminnan kehitt\u00e4minen [&hellip;]<\/p>\n","protected":false},"author":2,"featured_media":0,"parent":0,"menu_order":17,"comment_status":"closed","ping_status":"open","template":"","meta":{"footnotes":""},"class_list":["post-3","page","type-page","status-publish","hentry"],"yoast_head":"<title>Tietosuojaseloste - Visit Inari, Suomen Lapissa<\/title>\n<meta name=\"robots\" content=\"index, follow, max-snippet:-1, max-image-preview:large, max-video-preview:-1\" \/>\n<link rel=\"canonical\" href=\"https:\/\/visitinari.fi\/fi\/tietosuojaseloste\/\" \/>\n<meta property=\"og:locale\" content=\"fi_FI\" \/>\n<meta property=\"og:type\" content=\"article\" \/>\n<meta property=\"og:title\" content=\"Tietosuojaseloste\" \/>\n<meta property=\"og:description\" content=\"Rekisterinpit\u00e4j\u00e4 Nimi: VisitInari Oy (Y-tunnus 2702265-6) Yhteystiedot: Inarintie 40, 99870 Inari Yhteyshenkil\u00f6 Tapani Lappalainen Yhteystiedot: Inarintie 40, 99870 Inari Rekisterin nimi: VisitInari Oy:n asiakasrekisteri. Henkil\u00f6tietojen k\u00e4sittelyn tarkoitus (rekisterin k\u00e4ytt\u00f6tarkoitus) Rekisterinpit\u00e4j\u00e4 k\u00e4sittelee asiakkaiden henkil\u00f6tietoja seuraavia tarkoituksia varten: asiakassuhteen hoitaminen ja kehitt\u00e4minen varausten hoitaminen maksaminen, maksujen valvonta ja perint\u00e4 rekisterinpit\u00e4j\u00e4n tavaroiden ja palvelujen markkinointi rekisterinpit\u00e4j\u00e4n liiketoiminnan kehitt\u00e4minen [&hellip;]\" \/>\n<meta property=\"og:url\" content=\"https:\/\/visitinari.fi\/fi\/tietosuojaseloste\/\" \/>\n<meta property=\"og:site_name\" content=\"Visit Inari, Suomen Lapissa\" \/>\n<meta property=\"article:publisher\" content=\"https:\/\/www.facebook.com\/visitinarisafaris\/\" \/>\n<meta property=\"article:modified_time\" content=\"2025-11-14T11:59:08+00:00\" \/>\n<meta name=\"twitter:card\" content=\"summary_large_image\" \/>\n<meta name=\"twitter:label1\" content=\"Arvioitu lukuaika\" \/>\n\t<meta name=\"twitter:data1\" content=\"4 minuuttia\" \/>\n<script type=\"application\/ld+json\" class=\"yoast-schema-graph\">{\"@context\":\"https:\/\/schema.org\",\"@graph\":[{\"@type\":\"WebPage\",\"@id\":\"https:\/\/visitinari.fi\/fi\/tietosuojaseloste\/\",\"url\":\"https:\/\/visitinari.fi\/fi\/tietosuojaseloste\/\",\"name\":\"Tietosuojaseloste - Visit Inari, Suomen Lapissa\",\"isPartOf\":{\"@id\":\"https:\/\/visitinari.fi\/fi\/#website\"},\"datePublished\":\"2018-06-05T09:21:24+00:00\",\"dateModified\":\"2025-11-14T11:59:08+00:00\",\"breadcrumb\":{\"@id\":\"https:\/\/visitinari.fi\/fi\/tietosuojaseloste\/#breadcrumb\"},\"inLanguage\":\"fi\",\"potentialAction\":[{\"@type\":\"ReadAction\",\"target\":[\"https:\/\/visitinari.fi\/fi\/tietosuojaseloste\/\"]}]},{\"@type\":\"BreadcrumbList\",\"@id\":\"https:\/\/visitinari.fi\/fi\/tietosuojaseloste\/#breadcrumb\",\"itemListElement\":[{\"@type\":\"ListItem\",\"position\":1,\"name\":\"Home\",\"item\":\"https:\/\/visitinari.fi\/fi\/\"},{\"@type\":\"ListItem\",\"position\":2,\"name\":\"Tietosuojaseloste\"}]},{\"@type\":\"WebSite\",\"@id\":\"https:\/\/visitinari.fi\/fi\/#website\",\"url\":\"https:\/\/visitinari.fi\/fi\/\",\"name\":\"Visit Inari, Finland, Lapland\",\"description\":\"Safaris & Accommodation\",\"publisher\":{\"@id\":\"https:\/\/visitinari.fi\/fi\/#organization\"},\"potentialAction\":[{\"@type\":\"SearchAction\",\"target\":{\"@type\":\"EntryPoint\",\"urlTemplate\":\"https:\/\/visitinari.fi\/fi\/?s={search_term_string}\"},\"query-input\":{\"@type\":\"PropertyValueSpecification\",\"valueRequired\":true,\"valueName\":\"search_term_string\"}}],\"inLanguage\":\"fi\"},{\"@type\":[\"Organization\",\"Place\"],\"@id\":\"https:\/\/visitinari.fi\/fi\/#organization\",\"name\":\"Visit Inari - Accommodation & Safaris\",\"url\":\"https:\/\/visitinari.fi\/\",\"logo\":{\"@type\":\"ImageObject\",\"inLanguage\":\"fi\",\"@id\":\"https:\/\/visitinari.fi\/fi\/#\/schema\/logo\/image\/\",\"url\":\"https:\/\/visitinari.fi\/wp-content\/uploads\/2018\/06\/Visit-Inari-Safaris-Accommodation-COLOR.png\",\"contentUrl\":\"https:\/\/visitinari.fi\/wp-content\/uploads\/2018\/06\/Visit-Inari-Safaris-Accommodation-COLOR.png\",\"width\":1920,\"height\":1521,\"caption\":\"Visit Inari - Accommodation & Safaris\"},\"image\":{\"@id\":\"https:\/\/visitinari.fi\/fi\/#\/schema\/logo\/image\/\"},\"sameAs\":[\"https:\/\/www.facebook.com\/visitinarisafaris\/\",\"https:\/\/www.instagram.com\/\"],\"telephone\":[\"+358 40 179 6069\"],\"contactPoint\":{\"@type\":\"ContactPoint\",\"telephone\":\"+358 40 179 6069\",\"email\":\"sales@visitinari.fi\"},\"email\":\"sales@visitinari.fi\",\"vatID\":\"2702265-6\"}]}<\/script>","yoast_head_json":{"title":"Tietosuojaseloste - Visit Inari, Suomen Lapissa","robots":{"index":"index","follow":"follow","max-snippet":"max-snippet:-1","max-image-preview":"max-image-preview:large","max-video-preview":"max-video-preview:-1"},"canonical":"https:\/\/visitinari.fi\/fi\/tietosuojaseloste\/","og_locale":"fi_FI","og_type":"article","og_title":"Tietosuojaseloste","og_description":"Rekisterinpit\u00e4j\u00e4 Nimi: VisitInari Oy (Y-tunnus 2702265-6) Yhteystiedot: Inarintie 40, 99870 Inari Yhteyshenkil\u00f6 Tapani Lappalainen Yhteystiedot: Inarintie 40, 99870 Inari Rekisterin nimi: VisitInari Oy:n asiakasrekisteri. Henkil\u00f6tietojen k\u00e4sittelyn tarkoitus (rekisterin k\u00e4ytt\u00f6tarkoitus) Rekisterinpit\u00e4j\u00e4 k\u00e4sittelee asiakkaiden henkil\u00f6tietoja seuraavia tarkoituksia varten: asiakassuhteen hoitaminen ja kehitt\u00e4minen varausten hoitaminen maksaminen, maksujen valvonta ja perint\u00e4 rekisterinpit\u00e4j\u00e4n tavaroiden ja palvelujen markkinointi rekisterinpit\u00e4j\u00e4n liiketoiminnan kehitt\u00e4minen [&hellip;]","og_url":"https:\/\/visitinari.fi\/fi\/tietosuojaseloste\/","og_site_name":"Visit Inari, Suomen Lapissa","article_publisher":"https:\/\/www.facebook.com\/visitinarisafaris\/","article_modified_time":"2025-11-14T11:59:08+00:00","twitter_card":"summary_large_image","twitter_misc":{"Arvioitu lukuaika":"4 minuuttia"},"schema":{"@context":"https:\/\/schema.org","@graph":[{"@type":"WebPage","@id":"https:\/\/visitinari.fi\/fi\/tietosuojaseloste\/","url":"https:\/\/visitinari.fi\/fi\/tietosuojaseloste\/","name":"Tietosuojaseloste - Visit Inari, Suomen Lapissa","isPartOf":{"@id":"https:\/\/visitinari.fi\/fi\/#website"},"datePublished":"2018-06-05T09:21:24+00:00","dateModified":"2025-11-14T11:59:08+00:00","breadcrumb":{"@id":"https:\/\/visitinari.fi\/fi\/tietosuojaseloste\/#breadcrumb"},"inLanguage":"fi","potentialAction":[{"@type":"ReadAction","target":["https:\/\/visitinari.fi\/fi\/tietosuojaseloste\/"]}]},{"@type":"BreadcrumbList","@id":"https:\/\/visitinari.fi\/fi\/tietosuojaseloste\/#breadcrumb","itemListElement":[{"@type":"ListItem","position":1,"name":"Home","item":"https:\/\/visitinari.fi\/fi\/"},{"@type":"ListItem","position":2,"name":"Tietosuojaseloste"}]},{"@type":"WebSite","@id":"https:\/\/visitinari.fi\/fi\/#website","url":"https:\/\/visitinari.fi\/fi\/","name":"Visit Inari, Finland, Lapland","description":"Safaris & Accommodation","publisher":{"@id":"https:\/\/visitinari.fi\/fi\/#organization"},"potentialAction":[{"@type":"SearchAction","target":{"@type":"EntryPoint","urlTemplate":"https:\/\/visitinari.fi\/fi\/?s={search_term_string}"},"query-input":{"@type":"PropertyValueSpecification","valueRequired":true,"valueName":"search_term_string"}}],"inLanguage":"fi"},{"@type":["Organization","Place"],"@id":"https:\/\/visitinari.fi\/fi\/#organization","name":"Visit Inari - Accommodation & Safaris","url":"https:\/\/visitinari.fi\/","logo":{"@type":"ImageObject","inLanguage":"fi","@id":"https:\/\/visitinari.fi\/fi\/#\/schema\/logo\/image\/","url":"https:\/\/visitinari.fi\/wp-content\/uploads\/2018\/06\/Visit-Inari-Safaris-Accommodation-COLOR.png","contentUrl":"https:\/\/visitinari.fi\/wp-content\/uploads\/2018\/06\/Visit-Inari-Safaris-Accommodation-COLOR.png","width":1920,"height":1521,"caption":"Visit Inari - Accommodation & Safaris"},"image":{"@id":"https:\/\/visitinari.fi\/fi\/#\/schema\/logo\/image\/"},"sameAs":["https:\/\/www.facebook.com\/visitinarisafaris\/","https:\/\/www.instagram.com\/"],"telephone":["+358 40 179 6069"],"contactPoint":{"@type":"ContactPoint","telephone":"+358 40 179 6069","email":"sales@visitinari.fi"},"email":"sales@visitinari.fi","vatID":"2702265-6"}]}},"_links":{"self":[{"href":"https:\/\/visitinari.fi\/fi\/wp-json\/wp\/v2\/pages\/3","targetHints":{"allow":["GET"]}}],"collection":[{"href":"https:\/\/visitinari.fi\/fi\/wp-json\/wp\/v2\/pages"}],"about":[{"href":"https:\/\/visitinari.fi\/fi\/wp-json\/wp\/v2\/types\/page"}],"author":[{"embeddable":true,"href":"https:\/\/visitinari.fi\/fi\/wp-json\/wp\/v2\/users\/2"}],"replies":[{"embeddable":true,"href":"https:\/\/visitinari.fi\/fi\/wp-json\/wp\/v2\/comments?post=3"}],"version-history":[{"count":1,"href":"https:\/\/visitinari.fi\/fi\/wp-json\/wp\/v2\/pages\/3\/revisions"}],"predecessor-version":[{"id":273792,"href":"https:\/\/visitinari.fi\/fi\/wp-json\/wp\/v2\/pages\/3\/revisions\/273792"}],"wp:attachment":[{"href":"https:\/\/visitinari.fi\/fi\/wp-json\/wp\/v2\/media?parent=3"}],"curies":[{"name":"wp","href":"https:\/\/api.w.org\/{rel}","templated":true}]}}