{"id":269268,"date":"2024-06-03T14:26:11","date_gmt":"2024-06-03T11:26:11","guid":{"rendered":"https:\/\/visitinari.fi\/pihka-beauty-wellness\/"},"modified":"2025-10-03T14:38:29","modified_gmt":"2025-10-03T11:38:29","slug":"pihka-beauty-wellness","status":"publish","type":"page","link":"https:\/\/visitinari.fi\/fi\/pihka-beauty-wellness\/","title":{"rendered":"Pihka &#8211; Beauty &amp; Wellness"},"content":{"rendered":"<h1>Pihka \u2013 Beauty &amp; Wellness<\/h1>\n<div>\n<p>        <img decoding=\"async\" src=\"\/wp-content\/uploads\/2024\/06\/pihka-hoito.jpg\" alt=\"Hieroja hieroo pohjetta kohdevalon alla rauhallisessa huoneessa.\"><\/p>\n<div>\n<p><span>Pihka \u2013 Beauty &amp; Wellness on aloittanut yhteisty\u00f6kumppaninamme.\u00a0\u00a0<\/span>Pihka\u00a0 on kosmetologisiin palveluihin erikoistunut yritys.<\/p>\n<p>Kauneushoitolassa p\u00e4\u00e4set nauttimaan laajan valikoiman laadukkaita kauneudenhoitopalveluita. Pihka sijaitsee keskell\u00e4 Inarin kirkonkyl\u00e4\u00e4, Hotelli Inarin kellarikerroksessa, aivan Inarij\u00e4rven \u00e4\u00e4rell\u00e4. Hoitolan isosta ikkunasta n\u00e4kee mielett\u00f6m\u00e4n kauniin Inarij\u00e4rven ja vaarat sen takaa.<\/p>\n<p>Aivan uusissa tiloissa saat rentoutua ja nauttia kokonaisvaltaisista, hemmottelevista hoidoista kasvoille, vartalolle, jaloille ja k\u00e4sille. Tarjoamme muun muassa kasvohoitoja, hieronta-ja vartalohoitopalveluita, k\u00e4si- ja jalkahoitoja, sokerointia sek\u00e4 kestov\u00e4rj\u00e4yksi\u00e4 ripsille ja kulmille.<\/p>\n<p>T\u00e4\u00e4ll\u00e4 sinua palvellaan l\u00e4mm\u00f6ll\u00e4 ja ammattitaidolla.<\/p>\n<p>Tervetuloa nauttimaan pohjoisen taianomaisesta hoitoel\u00e4myksest\u00e4!<\/p>\n<\/div>\n<\/div>\n<div>\n<p class=\"uk-h4\">Pihka-Beauty &amp; Wellness<\/p>\n<p>Inarintie 40<br \/>99870 Inari<br \/><a href=\"tel:+358405419941\">+358 40 541 9941<\/a><br \/>Hotelli Inarin kellarikerroksessa<\/p>\n<h2 class=\"uk-h4\">Aukioloajat<\/h2>\n<div class=\"opening-row\">\n<div class=\"opening-content\"><span>Ma \u2013 10:00 \u2013 17:00<\/span><\/div>\n<\/div>\n<div class=\"opening-row\">\n<div class=\"opening-content\"><span>Ti \u2013\u00a0<\/span><span>10:00 \u2013 17:00<\/span><\/div>\n<\/div>\n<div class=\"opening-row\">\n<div class=\"opening-content\"><span>Ke \u2013\u00a0<\/span><span>12:00 \u2013 19:00<\/span><\/div>\n<\/div>\n<div class=\"opening-row\">\n<div class=\"opening-content\"><span>To \u2013\u00a0<\/span><span>12:00 \u2013 19:00<\/span><\/div>\n<\/div>\n<div class=\"opening-row\">\n<div class=\"opening-content\"><span>Pe \u2013\u00a0<\/span><span>10:00 \u2013 17:00<\/span><\/div>\n<\/div>\n<div class=\"opening-row\">\n<div class=\"opening-content\"><span>La \u2013 sopimuksen mukaan<\/span><\/div>\n<\/div>\n<div class=\"opening-row\">\n<div class=\"opening-content\"><span>Su \u2013 sopimuksen mukaan<\/p>\n<p><\/span><\/div>\n<\/div>\n<div><em>Muut ajat sopimuksen mukaan, soita rohkeasti Katrille <a href=\"tel:+358405419941\">+358 40 541 9941<\/a>!\u00a0<\/em><\/div>\n<\/p>\n<\/div>\n<p><p>\n        <a href=\"https:\/\/booksalon.fi\/salon\/pihka-beauty-and-wellness\">Lue lis\u00e4\u00e4 ja varaa<\/a>\n    <\/p>\n<\/p>\n<p><!--more--><br \/>\n<!-- {\"type\":\"layout\",\"children\":[{\"type\":\"section\",\"props\":{\"height\":\"section\",\"height_offset_top\":true,\"image\":\"wp-content\\\/uploads\\\/2024\\\/06\\\/Pihka_cover.jpeg\",\"image_position\":\"center-center\",\"image_size\":\"cover\",\"media_overlay\":\"rgba(0, 0, 0, 0.34)\",\"padding\":\"xlarge\",\"style\":\"default\",\"title_breakpoint\":\"xl\",\"title_position\":\"top-left\",\"title_rotation\":\"left\",\"vertical_align\":\"middle\",\"width\":\"default\"},\"children\":[{\"type\":\"row\",\"children\":[{\"type\":\"column\",\"props\":{\"image_position\":\"center-center\",\"position_sticky_breakpoint\":\"m\",\"text_color\":\"light\",\"width_medium\":\"1-1\"},\"children\":[{\"type\":\"headline\",\"props\":{\"block_align\":\"center\",\"content\":\"Pihka \\u2013 Beauty &amp; Wellness\",\"text_align\":\"center\",\"title_element\":\"h1\",\"title_style\":\"heading-medium\"}}]}]}]},{\"type\":\"section\",\"props\":{\"image_position\":\"center-center\",\"style\":\"default\",\"title_breakpoint\":\"xl\",\"title_position\":\"top-left\",\"title_rotation\":\"left\",\"vertical_align\":\"\",\"width\":\"default\"},\"children\":[{\"type\":\"row\",\"props\":{\"column_gap\":\"small\",\"divider\":false,\"layout\":\"3-5,2-5\"},\"children\":[{\"type\":\"column\",\"props\":{\"image_position\":\"center-center\",\"position_sticky_breakpoint\":\"m\",\"width_medium\":\"3-5\"},\"children\":[{\"type\":\"panel\",\"props\":{\"content\":\"\n\n<p><span>Pihka \\u2013 Beauty &amp; Wellness on aloittanut yhteisty\\u00f6kumppaninamme.\\u00a0\\u00a0<\\\/span>Pihka\\u00a0 on kosmetologisiin palveluihin erikoistunut yritys.<br \\\/><br \\\/>Kauneushoitolassa p\\u00e4\\u00e4set nauttimaan laajan valikoiman laadukkaita kauneudenhoitopalveluita. Pihka sijaitsee keskell\\u00e4 Inarin kirkonkyl\\u00e4\\u00e4, Hotelli Inarin kellarikerroksessa, aivan Inarij\\u00e4rven \\u00e4\\u00e4rell\\u00e4. Hoitolan isosta ikkunasta n\\u00e4kee mielett\\u00f6m\\u00e4n kauniin Inarij\\u00e4rven ja vaarat sen takaa.<\\\/p>\\n\n\n<p>Aivan uusissa tiloissa saat rentoutua ja nauttia kokonaisvaltaisista, hemmottelevista hoidoista kasvoille, vartalolle, jaloille ja k\\u00e4sille. Tarjoamme muun muassa kasvohoitoja, hieronta-ja vartalohoitopalveluita, k\\u00e4si- ja jalkahoitoja, sokerointia sek\\u00e4 kestov\\u00e4rj\\u00e4yksi\\u00e4 ripsille ja kulmille.<br \\\/><br \\\/>T\\u00e4\\u00e4ll\\u00e4 sinua palvellaan l\\u00e4mm\\u00f6ll\\u00e4 ja ammattitaidolla.<\\\/p>\\n\n\n<p>Tervetuloa nauttimaan pohjoisen taianomaisesta hoitoel\\u00e4myksest\\u00e4!<\\\/p>\",\"content_column_breakpoint\":\"m\",\"content_margin\":\"small\",\"icon_width\":80,\"image\":\"wp-content\\\/uploads\\\/2024\\\/06\\\/pihka-hoito.jpg\",\"image_align\":\"top\",\"image_alt\":\"Hieroja hieroo pohjetta kohdevalon alla rauhallisessa huoneessa.\",\"image_grid_breakpoint\":\"m\",\"image_grid_width\":\"1-2\",\"image_height\":\"600\",\"image_link\":true,\"image_loading\":true,\"image_svg_color\":\"emphasis\",\"image_transition\":\"scale-up\",\"image_width\":\"920\",\"link_aria_label\":\"Standard room Hotel Inari\",\"link_margin\":\"small\",\"link_style\":\"default\",\"link_text\":\"Book\",\"margin\":\"default\",\"meta\":\"\",\"meta_align\":\"above-title\",\"meta_element\":\"div\",\"meta_margin\":\"small\",\"meta_style\":\"text-meta\",\"panel_image_no_padding\":true,\"panel_link\":true,\"panel_padding\":\"default\",\"panel_style\":\"card-secondary\",\"text_align\":\"left\",\"text_align_breakpoint\":\"s\",\"text_align_fallback\":\"center\",\"title\":\"\",\"title_align\":\"top\",\"title_element\":\"h2\",\"title_grid_breakpoint\":\"m\",\"title_grid_width\":\"1-2\",\"title_hover_style\":\"reset\",\"title_link\":true,\"title_margin\":\"small\",\"title_style\":\"h3\"}}]},{\"type\":\"column\",\"props\":{\"image_position\":\"center-center\",\"position_sticky_breakpoint\":\"m\",\"style\":\"card-default\",\"width_medium\":\"2-5\"},\"children\":[{\"type\":\"text\",\"props\":{\"column_breakpoint\":\"m\",\"content\":\"\n\n<p class=\\\"uk-h4\\\">Pihka-Beauty &amp; Wellness<\\\/p>\\n\n\n<p>Inarintie 40<br \\\/>99870 Inari<br \\\/><a href=\\\"tel:+358405419941\\\">+358 40 541 9941<\\\/a><br \\\/>Hotelli Inarin kellarikerroksessa<\\\/p>\\n\n\n<h2 class=\\\"uk-h4\\\">Aukioloajat<\\\/h2>\\n\n\n<div class=\\\"opening-row\\\">\\n\n\n<div class=\\\"opening-content\\\"><span>Ma \\u2013 10:00 \\u2013 17:00<\\\/span><\\\/div>\\n<\\\/div>\\n\n\n<div class=\\\"opening-row\\\">\\n\n\n<div class=\\\"opening-content\\\"><span>Ti \\u2013\\u00a0<\\\/span><span>10:00 \\u2013 17:00<\\\/span><\\\/div>\\n<\\\/div>\\n\n\n<div class=\\\"opening-row\\\">\\n\n\n<div class=\\\"opening-content\\\"><span>Ke \\u2013\\u00a0<\\\/span><span>12:00 \\u2013 19:00<\\\/span><\\\/div>\\n<\\\/div>\\n\n\n<div class=\\\"opening-row\\\">\\n\n\n<div class=\\\"opening-content\\\"><span>To \\u2013\\u00a0<\\\/span><span>12:00 \\u2013 19:00<\\\/span><\\\/div>\\n<\\\/div>\\n\n\n<div class=\\\"opening-row\\\">\\n\n\n<div class=\\\"opening-content\\\"><span>Pe \\u2013\\u00a0<\\\/span><span>10:00 \\u2013 17:00<\\\/span><\\\/div>\\n<\\\/div>\\n\n\n<div class=\\\"opening-row\\\">\\n\n\n<div class=\\\"opening-content\\\"><span>La \\u2013 sopimuksen mukaan<\\\/span><\\\/div>\\n<\\\/div>\\n\n\n<div class=\\\"opening-row\\\">\\n\n\n<div class=\\\"opening-content\\\"><span>Su \\u2013 sopimuksen mukaan<br \\\/><br \\\/><\\\/span><\\\/div>\\n<\\\/div>\\n\n\n<div><em>Muut ajat sopimuksen mukaan, soita rohkeasti Katrille <a href=\\\"tel:+358405419941\\\">+358 40 541 9941<\\\/a>!\\u00a0<\\\/em><\\\/div>\\n\n\n<p><\\\/p>\",\"margin\":\"default\"}},{\"type\":\"button\",\"props\":{\"grid_column_gap\":\"small\",\"grid_row_gap\":\"small\",\"margin\":\"default\"},\"children\":[{\"type\":\"button_item\",\"props\":{\"button_style\":\"default\",\"content\":\"Lue lis\\u00e4\\u00e4 ja varaa\",\"dialog_layout\":\"modal\",\"dialog_offcanvas_flip\":true,\"icon_align\":\"left\",\"link\":\"https:\\\/\\\/booksalon.fi\\\/salon\\\/pihka-beauty-and-wellness\",\"link_aria_label\":\"Katso lis\\u00e4\\u00e4 ja varaa aika varauspalvelusta.\",\"link_target\":\"blank\"}}]}]}]}],\"name\":\"paneli + info\"},{\"type\":\"section\",\"props\":{\"image_position\":\"center-center\",\"padding\":\"small\",\"padding_remove_bottom\":false,\"style\":\"default\",\"title_breakpoint\":\"xl\",\"title_position\":\"top-left\",\"title_rotation\":\"left\",\"vertical_align\":\"\",\"width\":\"default\"},\"children\":[{\"type\":\"row\",\"children\":[{\"type\":\"column\",\"props\":{\"image_position\":\"center-center\",\"position_sticky_breakpoint\":\"m\"},\"children\":[{\"type\":\"totop\",\"props\":{\"margin\":\"default\",\"text_align\":\"center\",\"title\":\"To top\",\"title_grid_column_gap\":\"small\",\"title_grid_row_gap\":\"small\"}}]}]}]}],\"version\":\"4.5.28\"} --><\/p>\n","protected":false},"excerpt":{"rendered":"<p>Pihka \u2013 Beauty &amp; Wellness Pihka \u2013 Beauty &amp; Wellness on aloittanut yhteisty\u00f6kumppaninamme.\u00a0\u00a0Pihka\u00a0 on kosmetologisiin palveluihin erikoistunut yritys. Kauneushoitolassa p\u00e4\u00e4set nauttimaan laajan valikoiman laadukkaita kauneudenhoitopalveluita. Pihka sijaitsee keskell\u00e4 Inarin kirkonkyl\u00e4\u00e4, Hotelli Inarin kellarikerroksessa, aivan Inarij\u00e4rven \u00e4\u00e4rell\u00e4. Hoitolan isosta ikkunasta n\u00e4kee mielett\u00f6m\u00e4n kauniin Inarij\u00e4rven ja vaarat sen takaa. Aivan uusissa tiloissa saat rentoutua ja nauttia kokonaisvaltaisista, [&hellip;]<\/p>\n","protected":false},"author":2,"featured_media":269097,"parent":0,"menu_order":0,"comment_status":"closed","ping_status":"closed","template":"","meta":{"footnotes":""},"class_list":["post-269268","page","type-page","status-publish","has-post-thumbnail","hentry"],"yoast_head":"<!-- This site is optimized with the Yoast SEO Premium plugin v27.3 (Yoast SEO v27.3) - https:\/\/yoast.com\/product\/yoast-seo-premium-wordpress\/ -->\n<title>Pihka - Beauty &amp; Wellness - Visit Inari, Suomen Lapissa<\/title>\n<meta name=\"description\" content=\"Kauneushoitola Pihka tarjoaa mm. hierontapalveluita, k\u00e4si- ja jalkahoitoja, sokerointia sek\u00e4 kestov\u00e4rj\u00e4yksi\u00e4 ripsille ja kulmille Inarissa.\" \/>\n<meta name=\"robots\" content=\"index, follow, max-snippet:-1, max-image-preview:large, max-video-preview:-1\" \/>\n<link rel=\"canonical\" href=\"https:\/\/visitinari.fi\/fi\/pihka-beauty-wellness\/\" \/>\n<meta property=\"og:locale\" content=\"fi_FI\" \/>\n<meta property=\"og:type\" content=\"article\" \/>\n<meta property=\"og:title\" content=\"Pihka - Beauty &amp; Wellness\" \/>\n<meta property=\"og:description\" content=\"Kauneushoitola Pihka tarjoaa mm. hierontapalveluita, k\u00e4si- ja jalkahoitoja, sokerointia sek\u00e4 kestov\u00e4rj\u00e4yksi\u00e4 ripsille ja kulmille Inarissa.\" \/>\n<meta property=\"og:url\" content=\"https:\/\/visitinari.fi\/fi\/pihka-beauty-wellness\/\" \/>\n<meta property=\"og:site_name\" content=\"Visit Inari, Suomen Lapissa\" \/>\n<meta property=\"article:publisher\" content=\"https:\/\/www.facebook.com\/visitinarisafaris\/\" \/>\n<meta property=\"article:modified_time\" content=\"2025-10-03T11:38:29+00:00\" \/>\n<meta property=\"og:image\" content=\"https:\/\/visitinari.fi\/wp-content\/uploads\/2024\/06\/pihka-hoito.jpg\" \/>\n\t<meta property=\"og:image:width\" content=\"1080\" \/>\n\t<meta property=\"og:image:height\" content=\"720\" \/>\n\t<meta property=\"og:image:type\" content=\"image\/jpeg\" \/>\n<meta name=\"twitter:card\" content=\"summary_large_image\" \/>\n<meta name=\"twitter:label1\" content=\"Arvioitu lukuaika\" \/>\n\t<meta name=\"twitter:data1\" content=\"1 minuutti\" \/>\n<script type=\"application\/ld+json\" class=\"yoast-schema-graph\">{\"@context\":\"https:\\\/\\\/schema.org\",\"@graph\":[{\"@type\":\"WebPage\",\"@id\":\"https:\\\/\\\/visitinari.fi\\\/fi\\\/pihka-beauty-wellness\\\/\",\"url\":\"https:\\\/\\\/visitinari.fi\\\/fi\\\/pihka-beauty-wellness\\\/\",\"name\":\"Pihka - Beauty &amp; Wellness - Visit Inari, Suomen Lapissa\",\"isPartOf\":{\"@id\":\"https:\\\/\\\/visitinari.fi\\\/fi\\\/#website\"},\"primaryImageOfPage\":{\"@id\":\"https:\\\/\\\/visitinari.fi\\\/fi\\\/pihka-beauty-wellness\\\/#primaryimage\"},\"image\":{\"@id\":\"https:\\\/\\\/visitinari.fi\\\/fi\\\/pihka-beauty-wellness\\\/#primaryimage\"},\"thumbnailUrl\":\"https:\\\/\\\/visitinari.fi\\\/wp-content\\\/uploads\\\/2024\\\/06\\\/pihka-hoito.jpg\",\"datePublished\":\"2024-06-03T11:26:11+00:00\",\"dateModified\":\"2025-10-03T11:38:29+00:00\",\"description\":\"Kauneushoitola Pihka tarjoaa mm. hierontapalveluita, k\u00e4si- ja jalkahoitoja, sokerointia sek\u00e4 kestov\u00e4rj\u00e4yksi\u00e4 ripsille ja kulmille Inarissa.\",\"breadcrumb\":{\"@id\":\"https:\\\/\\\/visitinari.fi\\\/fi\\\/pihka-beauty-wellness\\\/#breadcrumb\"},\"inLanguage\":\"fi\",\"potentialAction\":[{\"@type\":\"ReadAction\",\"target\":[\"https:\\\/\\\/visitinari.fi\\\/fi\\\/pihka-beauty-wellness\\\/\"]}]},{\"@type\":\"ImageObject\",\"inLanguage\":\"fi\",\"@id\":\"https:\\\/\\\/visitinari.fi\\\/fi\\\/pihka-beauty-wellness\\\/#primaryimage\",\"url\":\"https:\\\/\\\/visitinari.fi\\\/wp-content\\\/uploads\\\/2024\\\/06\\\/pihka-hoito.jpg\",\"contentUrl\":\"https:\\\/\\\/visitinari.fi\\\/wp-content\\\/uploads\\\/2024\\\/06\\\/pihka-hoito.jpg\",\"width\":1080,\"height\":720},{\"@type\":\"BreadcrumbList\",\"@id\":\"https:\\\/\\\/visitinari.fi\\\/fi\\\/pihka-beauty-wellness\\\/#breadcrumb\",\"itemListElement\":[{\"@type\":\"ListItem\",\"position\":1,\"name\":\"Home\",\"item\":\"https:\\\/\\\/visitinari.fi\\\/fi\\\/\"},{\"@type\":\"ListItem\",\"position\":2,\"name\":\"Pihka &#8211; Beauty &amp; Wellness\"}]},{\"@type\":\"WebSite\",\"@id\":\"https:\\\/\\\/visitinari.fi\\\/fi\\\/#website\",\"url\":\"https:\\\/\\\/visitinari.fi\\\/fi\\\/\",\"name\":\"Visit Inari, Finland, Lapland\",\"description\":\"Safaris & Accommodation\",\"publisher\":{\"@id\":\"https:\\\/\\\/visitinari.fi\\\/fi\\\/#organization\"},\"potentialAction\":[{\"@type\":\"SearchAction\",\"target\":{\"@type\":\"EntryPoint\",\"urlTemplate\":\"https:\\\/\\\/visitinari.fi\\\/fi\\\/?s={search_term_string}\"},\"query-input\":{\"@type\":\"PropertyValueSpecification\",\"valueRequired\":true,\"valueName\":\"search_term_string\"}}],\"inLanguage\":\"fi\"},{\"@type\":[\"Organization\",\"Place\"],\"@id\":\"https:\\\/\\\/visitinari.fi\\\/fi\\\/#organization\",\"name\":\"Visit Inari - Accommodation & Safaris\",\"url\":\"https:\\\/\\\/visitinari.fi\\\/\",\"logo\":{\"@type\":\"ImageObject\",\"inLanguage\":\"fi\",\"@id\":\"https:\\\/\\\/visitinari.fi\\\/fi\\\/#\\\/schema\\\/logo\\\/image\\\/\",\"url\":\"https:\\\/\\\/visitinari.fi\\\/wp-content\\\/uploads\\\/2018\\\/06\\\/Visit-Inari-Safaris-Accommodation-COLOR.png\",\"contentUrl\":\"https:\\\/\\\/visitinari.fi\\\/wp-content\\\/uploads\\\/2018\\\/06\\\/Visit-Inari-Safaris-Accommodation-COLOR.png\",\"width\":1920,\"height\":1521,\"caption\":\"Visit Inari - Accommodation & Safaris\"},\"image\":{\"@id\":\"https:\\\/\\\/visitinari.fi\\\/fi\\\/#\\\/schema\\\/logo\\\/image\\\/\"},\"sameAs\":[\"https:\\\/\\\/www.facebook.com\\\/visitinarisafaris\\\/\",\"https:\\\/\\\/www.instagram.com\\\/\"],\"telephone\":[\"+358 40 179 6069\"],\"contactPoint\":{\"@type\":\"ContactPoint\",\"telephone\":\"+358 40 179 6069\",\"email\":\"sales@visitinari.fi\"},\"email\":\"sales@visitinari.fi\",\"vatID\":\"2702265-6\"}]}<\/script>\n<!-- \/ Yoast SEO Premium plugin. -->","yoast_head_json":{"title":"Pihka - Beauty &amp; Wellness - Visit Inari, Suomen Lapissa","description":"Kauneushoitola Pihka tarjoaa mm. hierontapalveluita, k\u00e4si- ja jalkahoitoja, sokerointia sek\u00e4 kestov\u00e4rj\u00e4yksi\u00e4 ripsille ja kulmille Inarissa.","robots":{"index":"index","follow":"follow","max-snippet":"max-snippet:-1","max-image-preview":"max-image-preview:large","max-video-preview":"max-video-preview:-1"},"canonical":"https:\/\/visitinari.fi\/fi\/pihka-beauty-wellness\/","og_locale":"fi_FI","og_type":"article","og_title":"Pihka - Beauty &amp; Wellness","og_description":"Kauneushoitola Pihka tarjoaa mm. hierontapalveluita, k\u00e4si- ja jalkahoitoja, sokerointia sek\u00e4 kestov\u00e4rj\u00e4yksi\u00e4 ripsille ja kulmille Inarissa.","og_url":"https:\/\/visitinari.fi\/fi\/pihka-beauty-wellness\/","og_site_name":"Visit Inari, Suomen Lapissa","article_publisher":"https:\/\/www.facebook.com\/visitinarisafaris\/","article_modified_time":"2025-10-03T11:38:29+00:00","og_image":[{"width":1080,"height":720,"url":"https:\/\/visitinari.fi\/wp-content\/uploads\/2024\/06\/pihka-hoito.jpg","type":"image\/jpeg"}],"twitter_card":"summary_large_image","twitter_misc":{"Arvioitu lukuaika":"1 minuutti"},"schema":{"@context":"https:\/\/schema.org","@graph":[{"@type":"WebPage","@id":"https:\/\/visitinari.fi\/fi\/pihka-beauty-wellness\/","url":"https:\/\/visitinari.fi\/fi\/pihka-beauty-wellness\/","name":"Pihka - Beauty &amp; Wellness - Visit Inari, Suomen Lapissa","isPartOf":{"@id":"https:\/\/visitinari.fi\/fi\/#website"},"primaryImageOfPage":{"@id":"https:\/\/visitinari.fi\/fi\/pihka-beauty-wellness\/#primaryimage"},"image":{"@id":"https:\/\/visitinari.fi\/fi\/pihka-beauty-wellness\/#primaryimage"},"thumbnailUrl":"https:\/\/visitinari.fi\/wp-content\/uploads\/2024\/06\/pihka-hoito.jpg","datePublished":"2024-06-03T11:26:11+00:00","dateModified":"2025-10-03T11:38:29+00:00","description":"Kauneushoitola Pihka tarjoaa mm. hierontapalveluita, k\u00e4si- ja jalkahoitoja, sokerointia sek\u00e4 kestov\u00e4rj\u00e4yksi\u00e4 ripsille ja kulmille Inarissa.","breadcrumb":{"@id":"https:\/\/visitinari.fi\/fi\/pihka-beauty-wellness\/#breadcrumb"},"inLanguage":"fi","potentialAction":[{"@type":"ReadAction","target":["https:\/\/visitinari.fi\/fi\/pihka-beauty-wellness\/"]}]},{"@type":"ImageObject","inLanguage":"fi","@id":"https:\/\/visitinari.fi\/fi\/pihka-beauty-wellness\/#primaryimage","url":"https:\/\/visitinari.fi\/wp-content\/uploads\/2024\/06\/pihka-hoito.jpg","contentUrl":"https:\/\/visitinari.fi\/wp-content\/uploads\/2024\/06\/pihka-hoito.jpg","width":1080,"height":720},{"@type":"BreadcrumbList","@id":"https:\/\/visitinari.fi\/fi\/pihka-beauty-wellness\/#breadcrumb","itemListElement":[{"@type":"ListItem","position":1,"name":"Home","item":"https:\/\/visitinari.fi\/fi\/"},{"@type":"ListItem","position":2,"name":"Pihka &#8211; Beauty &amp; Wellness"}]},{"@type":"WebSite","@id":"https:\/\/visitinari.fi\/fi\/#website","url":"https:\/\/visitinari.fi\/fi\/","name":"Visit Inari, Finland, Lapland","description":"Safaris & Accommodation","publisher":{"@id":"https:\/\/visitinari.fi\/fi\/#organization"},"potentialAction":[{"@type":"SearchAction","target":{"@type":"EntryPoint","urlTemplate":"https:\/\/visitinari.fi\/fi\/?s={search_term_string}"},"query-input":{"@type":"PropertyValueSpecification","valueRequired":true,"valueName":"search_term_string"}}],"inLanguage":"fi"},{"@type":["Organization","Place"],"@id":"https:\/\/visitinari.fi\/fi\/#organization","name":"Visit Inari - Accommodation & Safaris","url":"https:\/\/visitinari.fi\/","logo":{"@type":"ImageObject","inLanguage":"fi","@id":"https:\/\/visitinari.fi\/fi\/#\/schema\/logo\/image\/","url":"https:\/\/visitinari.fi\/wp-content\/uploads\/2018\/06\/Visit-Inari-Safaris-Accommodation-COLOR.png","contentUrl":"https:\/\/visitinari.fi\/wp-content\/uploads\/2018\/06\/Visit-Inari-Safaris-Accommodation-COLOR.png","width":1920,"height":1521,"caption":"Visit Inari - Accommodation & Safaris"},"image":{"@id":"https:\/\/visitinari.fi\/fi\/#\/schema\/logo\/image\/"},"sameAs":["https:\/\/www.facebook.com\/visitinarisafaris\/","https:\/\/www.instagram.com\/"],"telephone":["+358 40 179 6069"],"contactPoint":{"@type":"ContactPoint","telephone":"+358 40 179 6069","email":"sales@visitinari.fi"},"email":"sales@visitinari.fi","vatID":"2702265-6"}]}},"_links":{"self":[{"href":"https:\/\/visitinari.fi\/fi\/wp-json\/wp\/v2\/pages\/269268","targetHints":{"allow":["GET"]}}],"collection":[{"href":"https:\/\/visitinari.fi\/fi\/wp-json\/wp\/v2\/pages"}],"about":[{"href":"https:\/\/visitinari.fi\/fi\/wp-json\/wp\/v2\/types\/page"}],"author":[{"embeddable":true,"href":"https:\/\/visitinari.fi\/fi\/wp-json\/wp\/v2\/users\/2"}],"replies":[{"embeddable":true,"href":"https:\/\/visitinari.fi\/fi\/wp-json\/wp\/v2\/comments?post=269268"}],"version-history":[{"count":4,"href":"https:\/\/visitinari.fi\/fi\/wp-json\/wp\/v2\/pages\/269268\/revisions"}],"predecessor-version":[{"id":273479,"href":"https:\/\/visitinari.fi\/fi\/wp-json\/wp\/v2\/pages\/269268\/revisions\/273479"}],"wp:featuredmedia":[{"embeddable":true,"href":"https:\/\/visitinari.fi\/fi\/wp-json\/wp\/v2\/media\/269097"}],"wp:attachment":[{"href":"https:\/\/visitinari.fi\/fi\/wp-json\/wp\/v2\/media?parent=269268"}],"curies":[{"name":"wp","href":"https:\/\/api.w.org\/{rel}","templated":true}]}}