{"id":269266,"date":"2024-06-06T14:31:19","date_gmt":"2024-06-06T11:31:19","guid":{"rendered":"https:\/\/visitinari.fi\/?page_id=269266"},"modified":"2024-06-06T14:31:20","modified_gmt":"2024-06-06T11:31:20","slug":"laskutustiedot","status":"publish","type":"page","link":"https:\/\/visitinari.fi\/fi\/laskutustiedot\/","title":{"rendered":"LASKUTUSTIEDOT"},"content":{"rendered":"\n<p>Pyyd\u00e4mme teit\u00e4 l\u00e4hett\u00e4m\u00e4\u00e4n laskut ensisijaisesti verkkolaskuina.<\/p>\n\n\n\n<p>Verkkolaskuosoite:&nbsp;003727022656<br>Operaattori: OpenText<br>Operaattoritunnus: 003708599126<br>Y-tunnus:&nbsp;2702265-6<\/p>\n\n\n\n<p>Mik\u00e4li verkkolaskutus ei ole mahdollinen, voitte l\u00e4hett\u00e4\u00e4 laskut s\u00e4hk\u00f6postitse osoitteeseen:&nbsp;fennoa.513608@erin.posti.com.<\/p>\n\n\n\n<p>Tiedustelut:&nbsp;<a href=\"mailto:erja@visitinari.fi\">erja@visitinari.fi<\/a><\/p>\n\n\n\n<p>Paperiset laskut voi l\u00e4hett\u00e4\u00e4 alla olevaan osoitteeseen.<\/p>\n\n\n\n<p>VISIT INARI OY&nbsp;<br>PL 87706<br>01051 LASKUT<\/p>\n","protected":false},"excerpt":{"rendered":"<p>Pyyd\u00e4mme teit\u00e4 l\u00e4hett\u00e4m\u00e4\u00e4n laskut ensisijaisesti verkkolaskuina. Verkkolaskuosoite:&nbsp;003727022656Operaattori: OpenTextOperaattoritunnus: 003708599126Y-tunnus:&nbsp;2702265-6 Mik\u00e4li verkkolaskutus ei ole mahdollinen, voitte l\u00e4hett\u00e4\u00e4 laskut s\u00e4hk\u00f6postitse osoitteeseen:&nbsp;fennoa.513608@erin.posti.com. Tiedustelut:&nbsp;erja@visitinari.fi Paperiset laskut voi l\u00e4hett\u00e4\u00e4 alla olevaan osoitteeseen. VISIT INARI OY&nbsp;PL 8770601051 LASKUT<\/p>\n","protected":false},"author":2,"featured_media":0,"parent":0,"menu_order":0,"comment_status":"closed","ping_status":"closed","template":"","meta":{"footnotes":""},"class_list":["post-269266","page","type-page","status-publish","hentry"],"yoast_head":"<!-- This site is optimized with the Yoast SEO Premium plugin v27.3 (Yoast SEO v27.3) - https:\/\/yoast.com\/product\/yoast-seo-premium-wordpress\/ -->\n<title>LASKUTUSTIEDOT - Visit Inari, Suomen Lapissa<\/title>\n<meta name=\"robots\" content=\"index, follow, max-snippet:-1, max-image-preview:large, max-video-preview:-1\" \/>\n<link rel=\"canonical\" href=\"https:\/\/visitinari.fi\/fi\/laskutustiedot\/\" \/>\n<meta property=\"og:locale\" content=\"fi_FI\" \/>\n<meta property=\"og:type\" content=\"article\" \/>\n<meta property=\"og:title\" content=\"LASKUTUSTIEDOT\" \/>\n<meta property=\"og:description\" content=\"Pyyd\u00e4mme teit\u00e4 l\u00e4hett\u00e4m\u00e4\u00e4n laskut ensisijaisesti verkkolaskuina. Verkkolaskuosoite:&nbsp;003727022656Operaattori: OpenTextOperaattoritunnus: 003708599126Y-tunnus:&nbsp;2702265-6 Mik\u00e4li verkkolaskutus ei ole mahdollinen, voitte l\u00e4hett\u00e4\u00e4 laskut s\u00e4hk\u00f6postitse osoitteeseen:&nbsp;fennoa.513608@erin.posti.com. Tiedustelut:&nbsp;erja@visitinari.fi Paperiset laskut voi l\u00e4hett\u00e4\u00e4 alla olevaan osoitteeseen. VISIT INARI OY&nbsp;PL 8770601051 LASKUT\" \/>\n<meta property=\"og:url\" content=\"https:\/\/visitinari.fi\/fi\/laskutustiedot\/\" \/>\n<meta property=\"og:site_name\" content=\"Visit Inari, Suomen Lapissa\" \/>\n<meta property=\"article:publisher\" content=\"https:\/\/www.facebook.com\/visitinarisafaris\/\" \/>\n<meta property=\"article:modified_time\" content=\"2024-06-06T11:31:20+00:00\" \/>\n<meta name=\"twitter:card\" content=\"summary_large_image\" \/>\n<meta name=\"twitter:label1\" content=\"Arvioitu lukuaika\" \/>\n\t<meta name=\"twitter:data1\" content=\"1 minuutti\" \/>\n<script type=\"application\/ld+json\" class=\"yoast-schema-graph\">{\"@context\":\"https:\\\/\\\/schema.org\",\"@graph\":[{\"@type\":\"WebPage\",\"@id\":\"https:\\\/\\\/visitinari.fi\\\/fi\\\/laskutustiedot\\\/\",\"url\":\"https:\\\/\\\/visitinari.fi\\\/fi\\\/laskutustiedot\\\/\",\"name\":\"LASKUTUSTIEDOT - Visit Inari, Suomen Lapissa\",\"isPartOf\":{\"@id\":\"https:\\\/\\\/visitinari.fi\\\/fi\\\/#website\"},\"datePublished\":\"2024-06-06T11:31:19+00:00\",\"dateModified\":\"2024-06-06T11:31:20+00:00\",\"breadcrumb\":{\"@id\":\"https:\\\/\\\/visitinari.fi\\\/fi\\\/laskutustiedot\\\/#breadcrumb\"},\"inLanguage\":\"fi\",\"potentialAction\":[{\"@type\":\"ReadAction\",\"target\":[\"https:\\\/\\\/visitinari.fi\\\/fi\\\/laskutustiedot\\\/\"]}]},{\"@type\":\"BreadcrumbList\",\"@id\":\"https:\\\/\\\/visitinari.fi\\\/fi\\\/laskutustiedot\\\/#breadcrumb\",\"itemListElement\":[{\"@type\":\"ListItem\",\"position\":1,\"name\":\"Home\",\"item\":\"https:\\\/\\\/visitinari.fi\\\/fi\\\/\"},{\"@type\":\"ListItem\",\"position\":2,\"name\":\"LASKUTUSTIEDOT\"}]},{\"@type\":\"WebSite\",\"@id\":\"https:\\\/\\\/visitinari.fi\\\/fi\\\/#website\",\"url\":\"https:\\\/\\\/visitinari.fi\\\/fi\\\/\",\"name\":\"Visit Inari, Finland, Lapland\",\"description\":\"Safaris & Accommodation\",\"publisher\":{\"@id\":\"https:\\\/\\\/visitinari.fi\\\/fi\\\/#organization\"},\"potentialAction\":[{\"@type\":\"SearchAction\",\"target\":{\"@type\":\"EntryPoint\",\"urlTemplate\":\"https:\\\/\\\/visitinari.fi\\\/fi\\\/?s={search_term_string}\"},\"query-input\":{\"@type\":\"PropertyValueSpecification\",\"valueRequired\":true,\"valueName\":\"search_term_string\"}}],\"inLanguage\":\"fi\"},{\"@type\":[\"Organization\",\"Place\"],\"@id\":\"https:\\\/\\\/visitinari.fi\\\/fi\\\/#organization\",\"name\":\"Visit Inari - Accommodation & Safaris\",\"url\":\"https:\\\/\\\/visitinari.fi\\\/\",\"logo\":{\"@type\":\"ImageObject\",\"inLanguage\":\"fi\",\"@id\":\"https:\\\/\\\/visitinari.fi\\\/fi\\\/#\\\/schema\\\/logo\\\/image\\\/\",\"url\":\"https:\\\/\\\/visitinari.fi\\\/wp-content\\\/uploads\\\/2018\\\/06\\\/Visit-Inari-Safaris-Accommodation-COLOR.png\",\"contentUrl\":\"https:\\\/\\\/visitinari.fi\\\/wp-content\\\/uploads\\\/2018\\\/06\\\/Visit-Inari-Safaris-Accommodation-COLOR.png\",\"width\":1920,\"height\":1521,\"caption\":\"Visit Inari - Accommodation & Safaris\"},\"image\":{\"@id\":\"https:\\\/\\\/visitinari.fi\\\/fi\\\/#\\\/schema\\\/logo\\\/image\\\/\"},\"sameAs\":[\"https:\\\/\\\/www.facebook.com\\\/visitinarisafaris\\\/\",\"https:\\\/\\\/www.instagram.com\\\/\"],\"telephone\":[\"+358 40 179 6069\"],\"contactPoint\":{\"@type\":\"ContactPoint\",\"telephone\":\"+358 40 179 6069\",\"email\":\"sales@visitinari.fi\"},\"email\":\"sales@visitinari.fi\",\"vatID\":\"2702265-6\"}]}<\/script>\n<!-- \/ Yoast SEO Premium plugin. -->","yoast_head_json":{"title":"LASKUTUSTIEDOT - Visit Inari, Suomen Lapissa","robots":{"index":"index","follow":"follow","max-snippet":"max-snippet:-1","max-image-preview":"max-image-preview:large","max-video-preview":"max-video-preview:-1"},"canonical":"https:\/\/visitinari.fi\/fi\/laskutustiedot\/","og_locale":"fi_FI","og_type":"article","og_title":"LASKUTUSTIEDOT","og_description":"Pyyd\u00e4mme teit\u00e4 l\u00e4hett\u00e4m\u00e4\u00e4n laskut ensisijaisesti verkkolaskuina. Verkkolaskuosoite:&nbsp;003727022656Operaattori: OpenTextOperaattoritunnus: 003708599126Y-tunnus:&nbsp;2702265-6 Mik\u00e4li verkkolaskutus ei ole mahdollinen, voitte l\u00e4hett\u00e4\u00e4 laskut s\u00e4hk\u00f6postitse osoitteeseen:&nbsp;fennoa.513608@erin.posti.com. Tiedustelut:&nbsp;erja@visitinari.fi Paperiset laskut voi l\u00e4hett\u00e4\u00e4 alla olevaan osoitteeseen. VISIT INARI OY&nbsp;PL 8770601051 LASKUT","og_url":"https:\/\/visitinari.fi\/fi\/laskutustiedot\/","og_site_name":"Visit Inari, Suomen Lapissa","article_publisher":"https:\/\/www.facebook.com\/visitinarisafaris\/","article_modified_time":"2024-06-06T11:31:20+00:00","twitter_card":"summary_large_image","twitter_misc":{"Arvioitu lukuaika":"1 minuutti"},"schema":{"@context":"https:\/\/schema.org","@graph":[{"@type":"WebPage","@id":"https:\/\/visitinari.fi\/fi\/laskutustiedot\/","url":"https:\/\/visitinari.fi\/fi\/laskutustiedot\/","name":"LASKUTUSTIEDOT - Visit Inari, Suomen Lapissa","isPartOf":{"@id":"https:\/\/visitinari.fi\/fi\/#website"},"datePublished":"2024-06-06T11:31:19+00:00","dateModified":"2024-06-06T11:31:20+00:00","breadcrumb":{"@id":"https:\/\/visitinari.fi\/fi\/laskutustiedot\/#breadcrumb"},"inLanguage":"fi","potentialAction":[{"@type":"ReadAction","target":["https:\/\/visitinari.fi\/fi\/laskutustiedot\/"]}]},{"@type":"BreadcrumbList","@id":"https:\/\/visitinari.fi\/fi\/laskutustiedot\/#breadcrumb","itemListElement":[{"@type":"ListItem","position":1,"name":"Home","item":"https:\/\/visitinari.fi\/fi\/"},{"@type":"ListItem","position":2,"name":"LASKUTUSTIEDOT"}]},{"@type":"WebSite","@id":"https:\/\/visitinari.fi\/fi\/#website","url":"https:\/\/visitinari.fi\/fi\/","name":"Visit Inari, Finland, Lapland","description":"Safaris & Accommodation","publisher":{"@id":"https:\/\/visitinari.fi\/fi\/#organization"},"potentialAction":[{"@type":"SearchAction","target":{"@type":"EntryPoint","urlTemplate":"https:\/\/visitinari.fi\/fi\/?s={search_term_string}"},"query-input":{"@type":"PropertyValueSpecification","valueRequired":true,"valueName":"search_term_string"}}],"inLanguage":"fi"},{"@type":["Organization","Place"],"@id":"https:\/\/visitinari.fi\/fi\/#organization","name":"Visit Inari - Accommodation & Safaris","url":"https:\/\/visitinari.fi\/","logo":{"@type":"ImageObject","inLanguage":"fi","@id":"https:\/\/visitinari.fi\/fi\/#\/schema\/logo\/image\/","url":"https:\/\/visitinari.fi\/wp-content\/uploads\/2018\/06\/Visit-Inari-Safaris-Accommodation-COLOR.png","contentUrl":"https:\/\/visitinari.fi\/wp-content\/uploads\/2018\/06\/Visit-Inari-Safaris-Accommodation-COLOR.png","width":1920,"height":1521,"caption":"Visit Inari - Accommodation & Safaris"},"image":{"@id":"https:\/\/visitinari.fi\/fi\/#\/schema\/logo\/image\/"},"sameAs":["https:\/\/www.facebook.com\/visitinarisafaris\/","https:\/\/www.instagram.com\/"],"telephone":["+358 40 179 6069"],"contactPoint":{"@type":"ContactPoint","telephone":"+358 40 179 6069","email":"sales@visitinari.fi"},"email":"sales@visitinari.fi","vatID":"2702265-6"}]}},"_links":{"self":[{"href":"https:\/\/visitinari.fi\/fi\/wp-json\/wp\/v2\/pages\/269266","targetHints":{"allow":["GET"]}}],"collection":[{"href":"https:\/\/visitinari.fi\/fi\/wp-json\/wp\/v2\/pages"}],"about":[{"href":"https:\/\/visitinari.fi\/fi\/wp-json\/wp\/v2\/types\/page"}],"author":[{"embeddable":true,"href":"https:\/\/visitinari.fi\/fi\/wp-json\/wp\/v2\/users\/2"}],"replies":[{"embeddable":true,"href":"https:\/\/visitinari.fi\/fi\/wp-json\/wp\/v2\/comments?post=269266"}],"version-history":[{"count":0,"href":"https:\/\/visitinari.fi\/fi\/wp-json\/wp\/v2\/pages\/269266\/revisions"}],"wp:attachment":[{"href":"https:\/\/visitinari.fi\/fi\/wp-json\/wp\/v2\/media?parent=269266"}],"curies":[{"name":"wp","href":"https:\/\/api.w.org\/{rel}","templated":true}]}}