{"id":269130,"date":"2024-06-05T08:58:01","date_gmt":"2024-06-05T05:58:01","guid":{"rendered":"https:\/\/visitinari.fi\/?page_id=269130"},"modified":"2024-06-05T09:04:17","modified_gmt":"2024-06-05T06:04:17","slug":"lisatietoa-safareistamme","status":"publish","type":"page","link":"https:\/\/visitinari.fi\/fi\/lisatietoa-safareistamme\/","title":{"rendered":"Lis\u00e4tietoa safareistamme"},"content":{"rendered":"\n<ul class=\"wp-block-list\">\n<li>Talviretkemme aloitetaan marraskuun lopulla\u00a0(s\u00e4\u00e4varauksella) ja jatkuvat huhtikuuhun.<\/li>\n\n\n\n<li>Kes\u00e4retkemme ovat tarjolla kes\u00e4kuusta syyskuun loppuun.<\/li>\n\n\n\n<li>Safarit\u00a0ovat mahdollisia\u00a0my\u00f6s yksityisen\u00e4. Voitte pyyt\u00e4\u00e4 tarjouksen myyntitoimistoltamme.<\/li>\n\n\n\n<li>Opastamme suomeksi ja englanniksi. Tarjoamme my\u00f6s kielioppaan palveluita lis\u00e4maksusta etuk\u00e4teen varattuna.<\/li>\n\n\n\n<li>Vastuullisena matkanj\u00e4rjest\u00e4j\u00e4n\u00e4 Visit Inari Oy varaa oikeuden matkan keston ja kuljetustavan muutokseen mik\u00e4li haitalliset s\u00e4\u00e4olosuhteet tai turvallisuutta uhkaavat tilanteet vaarantavat ohjelmapalvelumme.<\/li>\n\n\n\n<li>Oppaamme hakevat asiakkaat Inarin kirkonkyl\u00e4n hotelleista sovittuna l\u00e4ht\u00f6aikana ennen safarin alkua. Lis\u00e4maksusta haemme my\u00f6s kauempaa, esim. Saarisel\u00e4lt\u00e4 tai Ivalosta.<\/li>\n\n\n\n<li>Jokaiseen retkeen sis\u00e4ltyy opaspalvelut, talvella ulkovarusteet, vaadittavat luvat, vakuutukset, alv, polttoaine ja aktiviteettikuljetukset Inarin kirkonkyl\u00e4lt\u00e4.<\/li>\n\n\n\n<li>Talvella husky- ja porosafarit ajetaan 2 henkil\u00f6\u00e4\/reki.<\/li>\n\n\n\n<li>Moottorikelkkasafareilla lapset istuvat oppaan kelkan vet\u00e4m\u00e4ss\u00e4 reess\u00e4.<\/li>\n\n\n\n<li>Osallistujien tulee tiedottaa Visit Inaria mahdollisista sairauksista, allergioista ja erityisruokavalioista, jotka voivat vaikuttaa osallistujan ajokykyyn tai kest\u00e4vyyteen kuten astma, diabetes tai allergia. Emme suosittele moottorikelkka- tai huskysafareita raskaana oleville naisille.<\/li>\n<\/ul>\n\n\n\n<h3 class=\"wp-block-heading\">OHJEITA MOOTTORIKELKKA\u00adSAFARILLE<\/h3>\n\n\n\n<p>Ennen matkaa jokaiselle osallistujalle jaetaan moottorikelkkailuun sopivat varusteet (kelkkahaalari, kelkkakeng\u00e4t, ajohanskat, kyp\u00e4r\u00e4 ja kyp\u00e4r\u00e4myssy), k\u00e4yd\u00e4\u00e4n l\u00e4pi reitti, turvallisuusohjeet ja kuinka moottorikelkkaa ohjataan. K\u00e4yt\u00f6ss\u00e4mme ovat modernit ja ymp\u00e4rist\u00f6yst\u00e4v\u00e4lliset nelitahtimoottoriset moottorikelkat, joilla matkustaa mukavasti kaksi henkil\u00f6\u00e4. Selk\u00e4\u00e4n voi ottaa pienen repun, johon voi s\u00e4il\u00f6\u00e4 ajon aikana ja tauoilla tarvittavat pienemm\u00e4t esineet kuten kamerat ja akut tai l\u00e4\u00e4kkeet. Kyp\u00e4r\u00e4t sek\u00e4 retkeen kuuluvat ev\u00e4\u00e4t tulevat Visit Inarin toimesta.<\/p>\n\n\n\n<p>Jokaisen moottorikelkkaa ajavan henkil\u00f6n tulee olla 18-vuotias ja h\u00e4nell\u00e4 tulee olla voimassa oleva ajokortti. Ajokortti tulee olla mukana safarilla. Kuljettaja ei saa olla p\u00e4ihteiden vaikutuksen alaisena. Moottorikelkan kuljettaja on vastuussa kulkuneuvolle aiheutuvista vahingoista. Henkil\u00f6kohtainen korvausvastuu on maksimissaan 900 \u20ac\/ajaja\/moottorikelkka\/vahinko. Ennen safaria jokainen kuljettaja pyydet\u00e4\u00e4n allekirjoittamaan vastuuvapautuslomake, jossa kuljettaja todistaa ymm\u00e4rt\u00e4v\u00e4ns\u00e4 omavastuun, todistaa omistavansa ajokortin ja vakuuttaa olevansa selvinp\u00e4in.<\/p>\n\n\n\n<p>Jokaisessa moottorikelkassa on kaksi paikkaa ja kuljettajaa voi vaihtaa safarin aikana.&nbsp;Perimme safarikohtaisen lis\u00e4maksun, mik\u00e4li asiakas haluaa ajaa yksin. Lapset matkustavat moottorikelkkasafareilla oppaan kelkan vet\u00e4m\u00e4ss\u00e4 reess\u00e4.<\/p>\n\n\n\n<h3 class=\"wp-block-heading\">PUKEUTUMISVINKKEJ\u00c4<\/h3>\n\n\n\n<ul class=\"wp-block-list\">\n<li>Pukeudu kerroksittain. K\u00e4yt\u00e4 montaa ohutta ja l\u00e4mmint\u00e4 kerrosta mieluummin kuin yht\u00e4 paksua.<\/li>\n\n\n\n<li>Aloita aluskerrastolla, joka on kevytt\u00e4 ja hengitt\u00e4v\u00e4\u00e4 ja joka ohjaa kosteutta pois iholta. -V\u00e4lt\u00e4 puhdasta puuvillaa, sill\u00e4 se ker\u00e4\u00e4 kosteuden itseens\u00e4 ja kylmenee nopeasti. Paras aluskerrasto materiaali on synteettinen kuitu.<\/li>\n\n\n\n<li>V\u00e4likerrastoksi parhaat materiaalit ovat neuleet ja fleecet. T\u00e4m\u00e4 kerrasto pit\u00e4\u00e4 sinut l\u00e4mpim\u00e4n\u00e4.<\/li>\n\n\n\n<li>V\u00e4lt\u00e4 tiukkoja sukkia, jotka haittaavat verenkiertoa.<\/li>\n\n\n\n<li>Ota mukaan alushanskat tai lapaset (paras materiaali on fleece tai villa).<\/li>\n<\/ul>\n\n\n\n<h3 class=\"wp-block-heading\">PITK\u00c4T SAFARIT<\/h3>\n\n\n\n<p>Pitemm\u00e4t safarit vaativat hyv\u00e4n fyysisen kunnon ja kest\u00e4vyytt\u00e4, mutta eiv\u00e4t v\u00e4ltt\u00e4m\u00e4tt\u00e4 aikaisempaa kokemusta moottorikelkkailusta tai huskyajelusta.&nbsp;J\u00e4\u00e4merensafarille ajamme 1 henkil\u00f6\/kelkka. Huskysafareilla 1 tai 2 henkil\u00f6\u00e4\/reki.&nbsp;Pitemmill\u00e4 safareilla&nbsp;majoitus on er\u00e4- tai lomam\u00f6keiss\u00e4 tai huoneistoissa. Laavulla y\u00f6pyminen on my\u00f6s mahdollista.<\/p>\n\n\n\n<p>Oppaamme ovat koulutettuja talviolosuhteisiin tottuneita ja h\u00e4t\u00e4ensiavun k\u00e4yneit\u00e4 ammattilaisia. Varmistamme safareiden turvallisuuden uusimmalla teknologialla kuten 4G verkossa toimivilla matkapuhelimilla ja GPS \u2013laitteilla, mutta oppaamme osaavat my\u00f6s lukea paperisia karttoja moottorikelkkareitist\u00f6ist\u00e4 ja omaavat erinomaisen paikallistuntemuksen.<\/p>\n\n\n\n<p>Matkalaukut ja muut henkil\u00f6kohtaiset varusteet, joita ei tarvita safarin aikana, voidaan s\u00e4il\u00f6\u00e4 Visit Inarin toimistolla. Safarin aikana asiakkaat voivat kuljettaa henkil\u00f6kohtaisia tavaroitaan repussa, joita voi kuljettaa moottorikelkan tavaratilassa tai huskyreess\u00e4. Selk\u00e4\u00e4n voi ottaa pienemm\u00e4n repun, johon voi s\u00e4il\u00f6\u00e4 ajonaikana ja tauoilla tarvittavat pienemm\u00e4t esineet kuten kamerat, termospullon ja ev\u00e4\u00e4t.<\/p>\n\n\n\n<h4 class=\"wp-block-heading\">MIT\u00c4 OTTAA PITEMMILLE SAFAREILLE MUKAAN<\/h4>\n\n\n\n<ul class=\"wp-block-list\">\n<li>Henkil\u00f6kohtaiset hygienia tarvikkeet ja l\u00e4\u00e4kkeet (saippua, shampoo jne.)<\/li>\n\n\n\n<li>Pieni selk\u00e4reppu<\/li>\n\n\n\n<li>Otsalamppu<\/li>\n\n\n\n<li>Aurinkolasit kev\u00e4thangille<\/li>\n\n\n\n<li>Aurinkorasvaa kasvoille kev\u00e4\u00e4ll\u00e4<\/li>\n\n\n\n<li>Kamera ja akut (pid\u00e4 n\u00e4m\u00e4 haalarin sis\u00e4ll\u00e4, jotta ne pysyv\u00e4t l\u00e4mpimin\u00e4 ja toimivina)<\/li>\n\n\n\n<li>Ota mukaasi my\u00f6s collegepuku, jonka voit laittaa haalarin alle ja joka on mukava oloasu er\u00e4maak\u00e4mp\u00e4ss\u00e4.<\/li>\n\n\n\n<li>Lenkkarit tai sis\u00e4tossut<\/li>\n\n\n\n<li>Paksut alushanskat (paras materiaali on fleece)<\/li>\n<\/ul>\n\n\n\n<p>Huom: Harkitse kertak\u00e4ytt\u00f6piilolinssej\u00e4 moottorikelkkasafarille, jos olet silm\u00e4lasien k\u00e4ytt\u00e4j\u00e4. Silm\u00e4lasit huurtuvat ja saattavat&nbsp;painaa kyp\u00e4r\u00e4n sis\u00e4ll\u00e4.<\/p>\n\n\n\n<h3 class=\"wp-block-heading\">MATKUSTAJATIEDOT<\/h3>\n\n\n\n<p>Tarvittavat tiedot: koko nimi, kansalaisuus, allergiat,&nbsp;mahdolliset sairaudet tai raskaus.<\/p>\n\n\n\n<p>Varausehdot l\u00f6ytyv\u00e4t&nbsp;<a href=\"https:\/\/visitinari.fi\/fi\/info-sivut\/varausehdot\/\">t\u00e4\u00e4lt\u00e4<\/a>.<\/p>\n","protected":false},"excerpt":{"rendered":"<p>OHJEITA MOOTTORIKELKKA\u00adSAFARILLE Ennen matkaa jokaiselle osallistujalle jaetaan moottorikelkkailuun sopivat varusteet (kelkkahaalari, kelkkakeng\u00e4t, ajohanskat, kyp\u00e4r\u00e4 ja kyp\u00e4r\u00e4myssy), k\u00e4yd\u00e4\u00e4n l\u00e4pi reitti, turvallisuusohjeet ja kuinka moottorikelkkaa ohjataan. K\u00e4yt\u00f6ss\u00e4mme ovat modernit ja ymp\u00e4rist\u00f6yst\u00e4v\u00e4lliset nelitahtimoottoriset moottorikelkat, joilla matkustaa mukavasti kaksi henkil\u00f6\u00e4. Selk\u00e4\u00e4n voi ottaa pienen repun, johon voi s\u00e4il\u00f6\u00e4 ajon aikana ja tauoilla tarvittavat pienemm\u00e4t esineet kuten kamerat ja akut [&hellip;]<\/p>\n","protected":false},"author":2,"featured_media":0,"parent":0,"menu_order":0,"comment_status":"closed","ping_status":"closed","template":"","meta":{"footnotes":""},"class_list":["post-269130","page","type-page","status-publish","hentry"],"yoast_head":"<title>Lis\u00e4tietoa safareistamme - Visit Inari, Suomen Lapissa<\/title>\n<meta name=\"robots\" content=\"index, follow, max-snippet:-1, max-image-preview:large, max-video-preview:-1\" \/>\n<link rel=\"canonical\" href=\"https:\/\/visitinari.fi\/fi\/lisatietoa-safareistamme\/\" \/>\n<meta property=\"og:locale\" content=\"fi_FI\" \/>\n<meta property=\"og:type\" content=\"article\" \/>\n<meta property=\"og:title\" content=\"Lis\u00e4tietoa safareistamme\" \/>\n<meta property=\"og:description\" content=\"OHJEITA MOOTTORIKELKKA\u00adSAFARILLE Ennen matkaa jokaiselle osallistujalle jaetaan moottorikelkkailuun sopivat varusteet (kelkkahaalari, kelkkakeng\u00e4t, ajohanskat, kyp\u00e4r\u00e4 ja kyp\u00e4r\u00e4myssy), k\u00e4yd\u00e4\u00e4n l\u00e4pi reitti, turvallisuusohjeet ja kuinka moottorikelkkaa ohjataan. K\u00e4yt\u00f6ss\u00e4mme ovat modernit ja ymp\u00e4rist\u00f6yst\u00e4v\u00e4lliset nelitahtimoottoriset moottorikelkat, joilla matkustaa mukavasti kaksi henkil\u00f6\u00e4. Selk\u00e4\u00e4n voi ottaa pienen repun, johon voi s\u00e4il\u00f6\u00e4 ajon aikana ja tauoilla tarvittavat pienemm\u00e4t esineet kuten kamerat ja akut [&hellip;]\" \/>\n<meta property=\"og:url\" content=\"https:\/\/visitinari.fi\/fi\/lisatietoa-safareistamme\/\" \/>\n<meta property=\"og:site_name\" content=\"Visit Inari, Suomen Lapissa\" \/>\n<meta property=\"article:publisher\" content=\"https:\/\/www.facebook.com\/visitinarisafaris\/\" \/>\n<meta property=\"article:modified_time\" content=\"2024-06-05T06:04:17+00:00\" \/>\n<meta name=\"twitter:card\" content=\"summary_large_image\" \/>\n<meta name=\"twitter:label1\" content=\"Arvioitu lukuaika\" \/>\n\t<meta name=\"twitter:data1\" content=\"3 minuuttia\" \/>\n<script type=\"application\/ld+json\" class=\"yoast-schema-graph\">{\"@context\":\"https:\/\/schema.org\",\"@graph\":[{\"@type\":\"WebPage\",\"@id\":\"https:\/\/visitinari.fi\/fi\/lisatietoa-safareistamme\/\",\"url\":\"https:\/\/visitinari.fi\/fi\/lisatietoa-safareistamme\/\",\"name\":\"Lis\u00e4tietoa safareistamme - Visit Inari, Suomen Lapissa\",\"isPartOf\":{\"@id\":\"https:\/\/visitinari.fi\/fi\/#website\"},\"datePublished\":\"2024-06-05T05:58:01+00:00\",\"dateModified\":\"2024-06-05T06:04:17+00:00\",\"breadcrumb\":{\"@id\":\"https:\/\/visitinari.fi\/fi\/lisatietoa-safareistamme\/#breadcrumb\"},\"inLanguage\":\"fi\",\"potentialAction\":[{\"@type\":\"ReadAction\",\"target\":[\"https:\/\/visitinari.fi\/fi\/lisatietoa-safareistamme\/\"]}]},{\"@type\":\"BreadcrumbList\",\"@id\":\"https:\/\/visitinari.fi\/fi\/lisatietoa-safareistamme\/#breadcrumb\",\"itemListElement\":[{\"@type\":\"ListItem\",\"position\":1,\"name\":\"Home\",\"item\":\"https:\/\/visitinari.fi\/fi\/\"},{\"@type\":\"ListItem\",\"position\":2,\"name\":\"Lis\u00e4tietoa safareistamme\"}]},{\"@type\":\"WebSite\",\"@id\":\"https:\/\/visitinari.fi\/fi\/#website\",\"url\":\"https:\/\/visitinari.fi\/fi\/\",\"name\":\"Visit Inari, Finland, Lapland\",\"description\":\"Safaris & Accommodation\",\"publisher\":{\"@id\":\"https:\/\/visitinari.fi\/fi\/#organization\"},\"potentialAction\":[{\"@type\":\"SearchAction\",\"target\":{\"@type\":\"EntryPoint\",\"urlTemplate\":\"https:\/\/visitinari.fi\/fi\/?s={search_term_string}\"},\"query-input\":{\"@type\":\"PropertyValueSpecification\",\"valueRequired\":true,\"valueName\":\"search_term_string\"}}],\"inLanguage\":\"fi\"},{\"@type\":[\"Organization\",\"Place\"],\"@id\":\"https:\/\/visitinari.fi\/fi\/#organization\",\"name\":\"Visit Inari - Accommodation & Safaris\",\"url\":\"https:\/\/visitinari.fi\/\",\"logo\":{\"@type\":\"ImageObject\",\"inLanguage\":\"fi\",\"@id\":\"https:\/\/visitinari.fi\/fi\/#\/schema\/logo\/image\/\",\"url\":\"https:\/\/visitinari.fi\/wp-content\/uploads\/2018\/06\/Visit-Inari-Safaris-Accommodation-COLOR.png\",\"contentUrl\":\"https:\/\/visitinari.fi\/wp-content\/uploads\/2018\/06\/Visit-Inari-Safaris-Accommodation-COLOR.png\",\"width\":1920,\"height\":1521,\"caption\":\"Visit Inari - Accommodation & Safaris\"},\"image\":{\"@id\":\"https:\/\/visitinari.fi\/fi\/#\/schema\/logo\/image\/\"},\"sameAs\":[\"https:\/\/www.facebook.com\/visitinarisafaris\/\",\"https:\/\/www.instagram.com\/\"],\"telephone\":[\"+358 40 179 6069\"],\"contactPoint\":{\"@type\":\"ContactPoint\",\"telephone\":\"+358 40 179 6069\",\"email\":\"sales@visitinari.fi\"},\"email\":\"sales@visitinari.fi\",\"vatID\":\"2702265-6\"}]}<\/script>","yoast_head_json":{"title":"Lis\u00e4tietoa safareistamme - Visit Inari, Suomen Lapissa","robots":{"index":"index","follow":"follow","max-snippet":"max-snippet:-1","max-image-preview":"max-image-preview:large","max-video-preview":"max-video-preview:-1"},"canonical":"https:\/\/visitinari.fi\/fi\/lisatietoa-safareistamme\/","og_locale":"fi_FI","og_type":"article","og_title":"Lis\u00e4tietoa safareistamme","og_description":"OHJEITA MOOTTORIKELKKA\u00adSAFARILLE Ennen matkaa jokaiselle osallistujalle jaetaan moottorikelkkailuun sopivat varusteet (kelkkahaalari, kelkkakeng\u00e4t, ajohanskat, kyp\u00e4r\u00e4 ja kyp\u00e4r\u00e4myssy), k\u00e4yd\u00e4\u00e4n l\u00e4pi reitti, turvallisuusohjeet ja kuinka moottorikelkkaa ohjataan. K\u00e4yt\u00f6ss\u00e4mme ovat modernit ja ymp\u00e4rist\u00f6yst\u00e4v\u00e4lliset nelitahtimoottoriset moottorikelkat, joilla matkustaa mukavasti kaksi henkil\u00f6\u00e4. Selk\u00e4\u00e4n voi ottaa pienen repun, johon voi s\u00e4il\u00f6\u00e4 ajon aikana ja tauoilla tarvittavat pienemm\u00e4t esineet kuten kamerat ja akut [&hellip;]","og_url":"https:\/\/visitinari.fi\/fi\/lisatietoa-safareistamme\/","og_site_name":"Visit Inari, Suomen Lapissa","article_publisher":"https:\/\/www.facebook.com\/visitinarisafaris\/","article_modified_time":"2024-06-05T06:04:17+00:00","twitter_card":"summary_large_image","twitter_misc":{"Arvioitu lukuaika":"3 minuuttia"},"schema":{"@context":"https:\/\/schema.org","@graph":[{"@type":"WebPage","@id":"https:\/\/visitinari.fi\/fi\/lisatietoa-safareistamme\/","url":"https:\/\/visitinari.fi\/fi\/lisatietoa-safareistamme\/","name":"Lis\u00e4tietoa safareistamme - Visit Inari, Suomen Lapissa","isPartOf":{"@id":"https:\/\/visitinari.fi\/fi\/#website"},"datePublished":"2024-06-05T05:58:01+00:00","dateModified":"2024-06-05T06:04:17+00:00","breadcrumb":{"@id":"https:\/\/visitinari.fi\/fi\/lisatietoa-safareistamme\/#breadcrumb"},"inLanguage":"fi","potentialAction":[{"@type":"ReadAction","target":["https:\/\/visitinari.fi\/fi\/lisatietoa-safareistamme\/"]}]},{"@type":"BreadcrumbList","@id":"https:\/\/visitinari.fi\/fi\/lisatietoa-safareistamme\/#breadcrumb","itemListElement":[{"@type":"ListItem","position":1,"name":"Home","item":"https:\/\/visitinari.fi\/fi\/"},{"@type":"ListItem","position":2,"name":"Lis\u00e4tietoa safareistamme"}]},{"@type":"WebSite","@id":"https:\/\/visitinari.fi\/fi\/#website","url":"https:\/\/visitinari.fi\/fi\/","name":"Visit Inari, Finland, Lapland","description":"Safaris & Accommodation","publisher":{"@id":"https:\/\/visitinari.fi\/fi\/#organization"},"potentialAction":[{"@type":"SearchAction","target":{"@type":"EntryPoint","urlTemplate":"https:\/\/visitinari.fi\/fi\/?s={search_term_string}"},"query-input":{"@type":"PropertyValueSpecification","valueRequired":true,"valueName":"search_term_string"}}],"inLanguage":"fi"},{"@type":["Organization","Place"],"@id":"https:\/\/visitinari.fi\/fi\/#organization","name":"Visit Inari - Accommodation & Safaris","url":"https:\/\/visitinari.fi\/","logo":{"@type":"ImageObject","inLanguage":"fi","@id":"https:\/\/visitinari.fi\/fi\/#\/schema\/logo\/image\/","url":"https:\/\/visitinari.fi\/wp-content\/uploads\/2018\/06\/Visit-Inari-Safaris-Accommodation-COLOR.png","contentUrl":"https:\/\/visitinari.fi\/wp-content\/uploads\/2018\/06\/Visit-Inari-Safaris-Accommodation-COLOR.png","width":1920,"height":1521,"caption":"Visit Inari - Accommodation & Safaris"},"image":{"@id":"https:\/\/visitinari.fi\/fi\/#\/schema\/logo\/image\/"},"sameAs":["https:\/\/www.facebook.com\/visitinarisafaris\/","https:\/\/www.instagram.com\/"],"telephone":["+358 40 179 6069"],"contactPoint":{"@type":"ContactPoint","telephone":"+358 40 179 6069","email":"sales@visitinari.fi"},"email":"sales@visitinari.fi","vatID":"2702265-6"}]}},"_links":{"self":[{"href":"https:\/\/visitinari.fi\/fi\/wp-json\/wp\/v2\/pages\/269130","targetHints":{"allow":["GET"]}}],"collection":[{"href":"https:\/\/visitinari.fi\/fi\/wp-json\/wp\/v2\/pages"}],"about":[{"href":"https:\/\/visitinari.fi\/fi\/wp-json\/wp\/v2\/types\/page"}],"author":[{"embeddable":true,"href":"https:\/\/visitinari.fi\/fi\/wp-json\/wp\/v2\/users\/2"}],"replies":[{"embeddable":true,"href":"https:\/\/visitinari.fi\/fi\/wp-json\/wp\/v2\/comments?post=269130"}],"version-history":[{"count":0,"href":"https:\/\/visitinari.fi\/fi\/wp-json\/wp\/v2\/pages\/269130\/revisions"}],"wp:attachment":[{"href":"https:\/\/visitinari.fi\/fi\/wp-json\/wp\/v2\/media?parent=269130"}],"curies":[{"name":"wp","href":"https:\/\/api.w.org\/{rel}","templated":true}]}}