{"id":201526,"date":"2020-05-28T14:48:26","date_gmt":"2020-05-28T11:48:26","guid":{"rendered":"https:\/\/visitinari.fi\/?page_id=201526"},"modified":"2025-10-03T14:19:20","modified_gmt":"2025-10-03T11:19:20","slug":"aurora-sauna-hot-spring","status":"publish","type":"page","link":"https:\/\/visitinari.fi\/fi\/aurora-sauna-hot-spring\/","title":{"rendered":"Aurora sauna &#038; Hot spring"},"content":{"rendered":"<h1>\n<p>Aurora Sauna &amp; Hot Spring<\/p>\n<\/h1>\n<ul>\n<li>\n<p>\n        <a href=\"mailto:sales@visitinari.fi\">sales@visitinari.fi<\/a>\n    <\/p>\n<\/li>\n<li>\n<p>\n        <a href=\"tel:+358401796069\">+358 40 179 6069<\/a>\n    <\/p>\n<\/li>\n<li>\n<p>\n        <a href=\"https:\/\/goo.gl\/maps\/iYcwnhR8HvA2\">Sijainti<\/a>\n    <\/p>\n<\/li>\n<li>\n<p>\n        <a href=\"\/fi\/lisatietoa-safareistamme\/\">Lis\u00e4tietoa safareistamme<\/a>\n    <\/p>\n<\/li>\n<li>\n<p>\n        <a href=\"\/fi\/varausehdot\/\">Varausehdot<\/a>\n    <\/p>\n<\/li>\n<\/ul>\n<div>\n<p style=\"text-align: center;\" class=\"uk-h2\">Aurora Sauna &amp; Hot Spring Inarij\u00e4rven rannalla<\/p>\n<\/div>\n<div>\n<p>        <img decoding=\"async\" src=\"\/wp-content\/uploads\/2024\/05\/aurora-sauna-hot-spring-midnight-sun-1.jpg\" alt=\"Porealtaassa aurinkolasip\u00e4inen mies katsoo kohti aurinkoa.\"><\/p>\n<div>Aurora Sauna &#038; Hot Spring<\/div>\n<div>\n<p>Oletko haaveillut nauttivasi kauniista Inarij\u00e4rven maisemista suoraan saunan l\u00e4mm\u00f6st\u00e4? Ent\u00e4 milt\u00e4 kuulostaisi henke\u00e4salpaavien j\u00e4rvimaisemien ihastelu suoraan Hot Springista?<\/p>\n<p>Nyt on mahdollisuus toteuttaa haaveet varaamalla meid\u00e4n Aurora Sauna sek\u00e4 Hot Spring, jotka sijaitsevat Inarij\u00e4rven rannalla. Voit varata saunan yhdess\u00e4 Hot Springin kera tai nauttia ainoastaan saunan l\u00e4mm\u00f6st\u00e4 Lomakyl\u00e4 Inarin rannalla.<\/p>\n<p>Sulan veden aikaan p\u00e4\u00e4see lomaky\u00e4n rannasta mukavasti pulahtamaan Inarij\u00e4rveen. Mik\u00e4li saavut veneell\u00e4, voit kiinnitt\u00e4\u00e4 veneesi juuri uudistettuun laituriin.<\/p>\n<\/div>\n<\/div>\n<ul>\n<li>\n<div>\n<h2 class=\"uk-h5\">Aurora Sauna, 1h<\/h2>\n<p>43\u20ac\/ 1-2 hl\u00f6\u00e4<br \/>Lis\u00e4henkil\u00f6t 11\u20ac\/hl\u00f6<br \/>(Max. 6 hl\u00f6\u00e4)<\/p>\n<\/div>\n<\/li>\n<li>\n<div>\n<h2 class=\"uk-h5\">Aurora Sauna &amp; Hot Spring, 3h<\/h2>\n<div class=\"uk-panel uk-margin\">\n<p>270 \u20ac\/ 1-2 hl\u00f6\u00e4<br \/>Lis\u00e4henkil\u00f6t 23 \u20ac\/hl\u00f6<br \/>(Max. 6 hl\u00f6\u00e4)<\/p>\n<\/div>\n<\/div>\n<\/li>\n<li>\n<div>\n<h3 class=\"uk-h5\">Saunatilan varustelu<\/h3>\n<ul>\n<li>Pukuhuone<\/li>\n<li>Vessa<\/li>\n<li>Suihkutila kahdella suihkulla<\/li>\n<li>Saunatila<\/li>\n<li>Ulkoporeallas terassilla<\/li>\n<\/ul>\n<\/div>\n<\/li>\n<li>\n<div>\n<h3 class=\"uk-h5\">Sijainti<\/h3>\n<ul>\n<li>Aurora sauna &amp; Hot Spring on Lomakyl\u00e4 Inarin rannalla<\/li>\n<li>Osoite: Inarintie 26, 99870 Inari<\/li>\n<\/ul>\n<\/div>\n<\/li>\n<li>\n<div>\n<h2 class=\"uk-h5\">Varaukset<\/h2>\n<ul>\n<li>Puhelimitse +358 40 179 6069<\/li>\n<li>S\u00e4hk\u00f6postilla sales@visitinari.fi<\/li>\n<li>Lomakyl\u00e4 Inarin vastaanotosta<\/li>\n<\/ul>\n<\/div>\n<\/li>\n<\/ul>\n<p><p>\n        <a href=\"\/fi\/ota-yhteytta\/#yhteys\">Ota yhteytt\u00e4 ja varaa<\/a>\n    <\/p>\n<\/p>\n<ul>\n<li>\n<p>        <img decoding=\"async\" src=\"\/wp-content\/uploads\/2024\/05\/aurora-sauna-hot-spring-terrage-1.jpg\" alt=\"Ulkoporeallas terassilla j\u00e4rven ja mets\u00e4n \u00e4\u00e4rell\u00e4 kes\u00e4isess\u00e4 valossa.\"><\/p>\n<h3>aurora-sauna-hot-spring-terrage<\/h3>\n<\/li>\n<li>\n<p>        <img decoding=\"async\" src=\"\/wp-content\/uploads\/2024\/05\/aurora-sauna-hot-spring-girls.jpg\" alt=\"Kaksi naista nauraa ja nauttii ulkoporealtaassa j\u00e4rven l\u00e4hell\u00e4.\"><\/p>\n<h3>aurora-sauna-hot-spring-girls<\/h3>\n<\/li>\n<li>\n<p>        <img decoding=\"async\" src=\"\/wp-content\/uploads\/2024\/05\/aurora-sauna-outside-winter.jpg\" alt=\"Aurora sauna ulkop\u00e4in talvimaisemassa. Takapihalla poreallas.\"><\/p>\n<h3>aurora-sauna-outside-winter<\/h3>\n<\/li>\n<li>\n<p>        <img decoding=\"async\" src=\"\/wp-content\/uploads\/2024\/05\/aurora-sauna-dressingroom.jpg\" alt=\"Saunan pukuhuone puisilla penkeill\u00e4 ja pyyhe aseteltuna penkille.\"><\/p>\n<h3>aurora-sauna-dressingroom<\/h3>\n<\/li>\n<li>\n<p>        <img decoding=\"async\" src=\"\/wp-content\/uploads\/2024\/05\/aurora-sauna-shore.jpg\" alt=\"Suihkuhuone kahdella suihkup\u00e4\u00e4ll\u00e4, moderni laatoitus ja vino katto.\"><\/p>\n<h3>aurora-sauna-shore<\/h3>\n<\/li>\n<li>\n<p>        <img decoding=\"async\" src=\"\/wp-content\/uploads\/2024\/05\/aurora-sauna-summer-water-1.jpg\" alt=\"Saunan sis\u00e4tila kiukaineen ja suuret ikkunat j\u00e4rvimaisemaan.\"><\/p>\n<h3>aurora-sauna-summer-water<\/h3>\n<\/li>\n<\/ul>\n<p><!--more--><br \/>\n<!-- {\"type\":\"layout\",\"children\":[{\"name\":\"yl\\u00e4kuva transfers\",\"type\":\"section\",\"props\":{\"height\":\"section\",\"height_offset_top\":true,\"image\":\"wp-content\\\/uploads\\\/2024\\\/05\\\/aurora-sauna-hot-spring-winter.jpg\",\"image_position\":\"center-center\",\"image_size\":\"cover\",\"media_overlay\":\"rgba(0, 0, 0, 0.34)\",\"padding\":\"xlarge\",\"style\":\"default\",\"title_breakpoint\":\"xl\",\"title_position\":\"top-left\",\"title_rotation\":\"left\",\"vertical_align\":\"middle\",\"width\":\"default\"},\"children\":[{\"type\":\"row\",\"children\":[{\"type\":\"column\",\"props\":{\"image_position\":\"center-center\",\"position_sticky_breakpoint\":\"m\",\"text_color\":\"light\",\"width_medium\":\"1-1\"},\"children\":[{\"type\":\"headline\",\"props\":{\"block_align\":\"center\",\"content\":\"\n\n<p>Aurora Sauna &amp; Hot Spring<\\\/p>\",\"text_align\":\"center\",\"title_element\":\"h1\",\"title_style\":\"heading-medium\"}}]}]}]},{\"type\":\"section\",\"props\":{\"image_position\":\"center-center\",\"style\":\"default\",\"title_breakpoint\":\"xl\",\"title_position\":\"top-left\",\"title_rotation\":\"left\",\"vertical_align\":\"middle\",\"width\":\"default\"},\"children\":[{\"type\":\"row\",\"children\":[{\"type\":\"column\",\"props\":{\"image_position\":\"center-center\",\"position_sticky_breakpoint\":\"m\"},\"children\":[{\"type\":\"button\",\"props\":{\"grid_column_gap\":\"small\",\"grid_row_gap\":\"small\",\"margin\":\"default\",\"text_align\":\"center\"},\"children\":[{\"type\":\"button_item\",\"props\":{\"button_style\":\"\",\"content\":\"sales@visitinari.fi\",\"dialog_layout\":\"modal\",\"dialog_offcanvas_flip\":true,\"icon\":\"mail\",\"icon_align\":\"left\",\"link\":\"mailto:sales@visitinari.fi\"}},{\"type\":\"button_item\",\"props\":{\"button_style\":\"\",\"content\":\"+358 40 179 6069\",\"dialog_layout\":\"modal\",\"dialog_offcanvas_flip\":true,\"icon\":\"receiver\",\"icon_align\":\"left\",\"link\":\"tel:+358401796069\"}},{\"type\":\"button_item\",\"props\":{\"button_style\":\"\",\"content\":\"Sijainti\",\"dialog_layout\":\"modal\",\"dialog_offcanvas_flip\":true,\"icon\":\"location\",\"icon_align\":\"left\",\"link\":\"https:\\\/\\\/goo.gl\\\/maps\\\/iYcwnhR8HvA2\",\"link_aria_label\":\"Sijaintimme Google Mapsiss\\u00e4\",\"link_target\":\"blank\"}},{\"type\":\"button_item\",\"props\":{\"button_style\":\"\",\"content\":\"Lis\\u00e4tietoa safareistamme\",\"dialog_layout\":\"modal\",\"dialog_offcanvas_flip\":true,\"icon\":\"tag\",\"icon_align\":\"left\",\"link\":\"fi\\\/lisatietoa-safareistamme\\\/\"}},{\"type\":\"button_item\",\"props\":{\"button_style\":\"\",\"content\":\"Varausehdot\",\"dialog_layout\":\"modal\",\"dialog_offcanvas_flip\":true,\"icon\":\"info\",\"icon_align\":\"left\",\"link\":\"fi\\\/varausehdot\\\/\",\"link_aria_label\":\"Varausehdot\"}}],\"name\":\"painikerivi terms yms. fi\"}]}]}]},{\"type\":\"section\",\"props\":{\"image_position\":\"center-center\",\"style\":\"default\",\"title_breakpoint\":\"xl\",\"title_position\":\"top-left\",\"title_rotation\":\"left\",\"vertical_align\":\"\",\"width\":\"default\"},\"children\":[{\"type\":\"row\",\"children\":[{\"type\":\"column\",\"props\":{\"image_position\":\"center-center\",\"position_sticky_breakpoint\":\"m\"},\"children\":[{\"type\":\"text\",\"props\":{\"column_breakpoint\":\"m\",\"content\":\"\n\n<p style=\\\"text-align: center;\\\" class=\\\"uk-h2\\\">Aurora Sauna &amp; Hot Spring Inarij\\u00e4rven rannalla<\\\/p>\",\"margin\":\"default\"}}]}]},{\"type\":\"row\",\"props\":{\"column_gap\":\"small\",\"divider\":false,\"layout\":\"3-5,2-5\"},\"children\":[{\"type\":\"column\",\"props\":{\"image_position\":\"center-center\",\"position_sticky_breakpoint\":\"m\",\"width_medium\":\"3-5\"},\"children\":[{\"type\":\"panel\",\"props\":{\"content\":\"\n\n<p>Oletko haaveillut nauttivasi kauniista Inarij\\u00e4rven maisemista suoraan saunan l\\u00e4mm\\u00f6st\\u00e4? Ent\\u00e4 milt\\u00e4 kuulostaisi henke\\u00e4salpaavien j\\u00e4rvimaisemien ihastelu suoraan Hot Springista?<\\\/p>\\n\n\n<p>Nyt on mahdollisuus toteuttaa haaveet varaamalla meid\\u00e4n Aurora Sauna sek\\u00e4 Hot Spring, jotka sijaitsevat Inarij\\u00e4rven rannalla. Voit varata saunan yhdess\\u00e4 Hot Springin kera tai nauttia ainoastaan saunan l\\u00e4mm\\u00f6st\\u00e4 Lomakyl\\u00e4 Inarin rannalla.<\\\/p>\\n\n\n<p>Sulan veden aikaan p\\u00e4\\u00e4see lomaky\\u00e4n rannasta mukavasti pulahtamaan Inarij\\u00e4rveen. Mik\\u00e4li saavut veneell\\u00e4, voit kiinnitt\\u00e4\\u00e4 veneesi juuri uudistettuun laituriin.<\\\/p>\",\"content_column_breakpoint\":\"m\",\"content_margin\":\"small\",\"icon_width\":80,\"image\":\"wp-content\\\/uploads\\\/2024\\\/05\\\/aurora-sauna-hot-spring-midnight-sun-1.jpg\",\"image_align\":\"top\",\"image_alt\":\"Porealtaassa aurinkolasip\\u00e4inen mies katsoo kohti aurinkoa.\",\"image_grid_breakpoint\":\"m\",\"image_grid_width\":\"1-2\",\"image_height\":\"600\",\"image_link\":true,\"image_loading\":true,\"image_svg_color\":\"emphasis\",\"image_transition\":\"scale-up\",\"image_width\":\"920\",\"link_aria_label\":\"Standard room Hotel Inari\",\"link_margin\":\"small\",\"link_style\":\"default\",\"link_text\":\"Book\",\"margin\":\"default\",\"meta\":\"\",\"meta_align\":\"above-title\",\"meta_element\":\"div\",\"meta_margin\":\"small\",\"meta_style\":\"text-meta\",\"panel_image_no_padding\":true,\"panel_link\":true,\"panel_padding\":\"default\",\"panel_style\":\"card-secondary\",\"text_align\":\"left\",\"text_align_breakpoint\":\"s\",\"text_align_fallback\":\"center\",\"title\":\"Aurora Sauna & Hot Spring\",\"title_align\":\"top\",\"title_element\":\"div\",\"title_grid_breakpoint\":\"m\",\"title_grid_width\":\"1-2\",\"title_hover_style\":\"reset\",\"title_link\":true,\"title_margin\":\"small\",\"title_style\":\"h3\"}}]},{\"type\":\"column\",\"props\":{\"image_position\":\"center-center\",\"position_sticky_breakpoint\":\"m\",\"style\":\"card-default\",\"width_medium\":\"2-5\"},\"children\":[{\"type\":\"list\",\"props\":{\"column_breakpoint\":\"m\",\"image_align\":\"left\",\"image_svg_color\":\"emphasis\",\"image_vertical_align\":true,\"list_element\":\"ul\",\"list_horizontal_separator\":\", \",\"list_size\":\"large\",\"list_style\":\"striped\",\"list_type\":\"vertical\",\"show_image\":true,\"show_link\":true},\"children\":[{\"type\":\"list_item\",\"props\":{\"content\":\"\n\n<h2 class=\\\"uk-h5\\\">Aurora Sauna, 1h<\\\/h2>\\n\n\n<p>43\\u20ac\\\/ 1-2 hl\\u00f6\\u00e4<br \\\/>Lis\\u00e4henkil\\u00f6t 11\\u20ac\\\/hl\\u00f6<br \\\/>(Max. 6 hl\\u00f6\\u00e4)<\\\/p>\"}},{\"type\":\"list_item\",\"props\":{\"content\":\"\n\n<h2 class=\\\"uk-h5\\\">Aurora Sauna &amp; Hot Spring, 3h<\\\/h2>\\n\n\n<div class=\\\"uk-panel uk-margin\\\">\\n\n\n<p>270 \\u20ac\\\/ 1-2 hl\\u00f6\\u00e4<br \\\/>Lis\\u00e4henkil\\u00f6t 23 \\u20ac\\\/hl\\u00f6<br \\\/>(Max. 6 hl\\u00f6\\u00e4)<\\\/p>\\n<\\\/div>\"}},{\"type\":\"list_item\",\"props\":{\"content\":\"\n\n<h3 class=\\\"uk-h5\\\">Saunatilan varustelu<\\\/h3>\\n\n\n<ul>\\n\n\n<li>Pukuhuone<\\\/li>\\n\n\n<li>Vessa<\\\/li>\\n\n\n<li>Suihkutila kahdella suihkulla<\\\/li>\\n\n\n<li>Saunatila<\\\/li>\\n\n\n<li>Ulkoporeallas terassilla<\\\/li>\\n<\\\/ul>\"}},{\"type\":\"list_item\",\"props\":{\"content\":\"\n\n<h3 class=\\\"uk-h5\\\">Sijainti<\\\/h3>\\n\n\n<ul>\\n\n\n<li>Aurora sauna &amp; Hot Spring on Lomakyl\\u00e4 Inarin rannalla<\\\/li>\\n\n\n<li>Osoite: Inarintie 26, 99870 Inari<\\\/li>\\n<\\\/ul>\"}},{\"type\":\"list_item\",\"props\":{\"content\":\"\n\n<h2 class=\\\"uk-h5\\\">Varaukset<\\\/h2>\\n\n\n<ul>\\n\n\n<li>Puhelimitse +358 40 179 6069<\\\/li>\\n\n\n<li>S\\u00e4hk\\u00f6postilla sales@visitinari.fi<\\\/li>\\n\n\n<li>Lomakyl\\u00e4 Inarin vastaanotosta<\\\/li>\\n<\\\/ul>\"}}]},{\"type\":\"button\",\"props\":{\"fullwidth\":false,\"grid_column_gap\":\"small\",\"grid_row_gap\":\"small\",\"margin\":\"default\"},\"children\":[{\"type\":\"button_item\",\"props\":{\"button_style\":\"primary\",\"content\":\"Ota yhteytt\\u00e4 ja varaa\",\"dialog_layout\":\"modal\",\"dialog_offcanvas_flip\":true,\"icon_align\":\"left\",\"link\":\"fi\\\/ota-yhteytta\\\/#yhteys\",\"link_aria_label\":\"Yhteystietosivulle\",\"link_target\":\"blank\"}}]}]}]},{\"type\":\"row\",\"children\":[{\"type\":\"column\",\"props\":{\"image_position\":\"center-center\",\"position_sticky_breakpoint\":\"m\"},\"children\":[{\"type\":\"gallery\",\"props\":{\"filter_align\":\"left\",\"filter_all\":true,\"filter_grid_breakpoint\":\"m\",\"filter_grid_width\":\"auto\",\"filter_position\":\"top\",\"filter_style\":\"tab\",\"grid_column_gap\":\"small\",\"grid_default\":\"1\",\"grid_medium\":\"3\",\"grid_row_gap\":\"small\",\"image_border\":\"rounded\",\"image_height\":\"810\",\"image_loading\":true,\"image_transition\":\"scale-up\",\"image_width\":\"1080\",\"item_animation\":true,\"lightbox\":true,\"lightbox_bg_close\":true,\"link_style\":\"default\",\"link_text\":\" \",\"margin\":\"default\",\"meta_align\":\"below-title\",\"meta_element\":\"div\",\"meta_style\":\"text-meta\",\"overlay_hover\":false,\"overlay_link\":true,\"overlay_mode\":\"cover\",\"overlay_position\":\"center\",\"overlay_style\":\"\",\"overlay_transition\":\"fade\",\"show_content\":true,\"show_hover_image\":true,\"show_hover_video\":true,\"show_link\":true,\"show_meta\":true,\"show_title\":false,\"text_align\":\"center\",\"text_color\":\"light\",\"title_element\":\"h3\",\"title_hover_style\":\"reset\"},\"children\":[{\"type\":\"gallery_item\",\"props\":{\"image\":\"wp-content\\\/uploads\\\/2024\\\/05\\\/aurora-sauna-hot-spring-terrage-1.jpg\",\"image_alt\":\"Ulkoporeallas terassilla j\\u00e4rven ja mets\\u00e4n \\u00e4\\u00e4rell\\u00e4 kes\\u00e4isess\\u00e4 valossa.\",\"title\":\"aurora-sauna-hot-spring-terrage\"}},{\"type\":\"gallery_item\",\"props\":{\"image\":\"wp-content\\\/uploads\\\/2024\\\/05\\\/aurora-sauna-hot-spring-girls.jpg\",\"image_alt\":\"Kaksi naista nauraa ja nauttii ulkoporealtaassa j\\u00e4rven l\\u00e4hell\\u00e4.\",\"title\":\"aurora-sauna-hot-spring-girls\"}},{\"type\":\"gallery_item\",\"props\":{\"image\":\"wp-content\\\/uploads\\\/2024\\\/05\\\/aurora-sauna-outside-winter.jpg\",\"image_alt\":\"Aurora sauna ulkop\\u00e4in talvimaisemassa. Takapihalla poreallas.\",\"title\":\"aurora-sauna-outside-winter\"}},{\"type\":\"gallery_item\",\"props\":{\"image\":\"wp-content\\\/uploads\\\/2024\\\/05\\\/aurora-sauna-dressingroom.jpg\",\"image_alt\":\"Saunan pukuhuone puisilla penkeill\\u00e4 ja pyyhe aseteltuna penkille.\",\"title\":\"aurora-sauna-dressingroom\"}},{\"type\":\"gallery_item\",\"props\":{\"image\":\"wp-content\\\/uploads\\\/2024\\\/05\\\/aurora-sauna-shore.jpg\",\"image_alt\":\"Suihkuhuone kahdella suihkup\\u00e4\\u00e4ll\\u00e4, moderni laatoitus ja vino katto.\",\"title\":\"aurora-sauna-shore\"}},{\"type\":\"gallery_item\",\"props\":{\"image\":\"wp-content\\\/uploads\\\/2024\\\/05\\\/aurora-sauna-summer-water-1.jpg\",\"image_alt\":\"Saunan sis\\u00e4tila kiukaineen ja suuret ikkunat j\\u00e4rvimaisemaan.\",\"title\":\"aurora-sauna-summer-water\"}}]}]}]}],\"name\":\"paneli + info\"}],\"version\":\"4.5.28\"} --><\/p>\n","protected":false},"excerpt":{"rendered":"<p>Aurora Sauna &amp; Hot Spring sales@visitinari.fi +358 40 179 6069 Sijainti Lis\u00e4tietoa safareistamme Varausehdot Aurora Sauna &amp; Hot Spring Inarij\u00e4rven rannalla Aurora Sauna &#038; Hot Spring Oletko haaveillut nauttivasi kauniista Inarij\u00e4rven maisemista suoraan saunan l\u00e4mm\u00f6st\u00e4? Ent\u00e4 milt\u00e4 kuulostaisi henke\u00e4salpaavien j\u00e4rvimaisemien ihastelu suoraan Hot Springista? Nyt on mahdollisuus toteuttaa haaveet varaamalla meid\u00e4n Aurora Sauna sek\u00e4 Hot [&hellip;]<\/p>\n","protected":false},"author":2,"featured_media":201133,"parent":0,"menu_order":4,"comment_status":"closed","ping_status":"closed","template":"","meta":{"footnotes":""},"class_list":["post-201526","page","type-page","status-publish","has-post-thumbnail","hentry"],"yoast_head":"<!-- This site is optimized with the Yoast SEO Premium plugin v27.3 (Yoast SEO v27.3) - https:\/\/yoast.com\/product\/yoast-seo-premium-wordpress\/ -->\n<title>Aurora sauna &amp; Hot spring - Visit Inari, Suomen Lapissa<\/title>\n<meta name=\"description\" content=\"Oletko haaveillut nauttivasi kauniista Inarij\u00e4rven maisemista suoraan saunan l\u00e4mm\u00f6st\u00e4 tai Hot Springista?\" \/>\n<meta name=\"robots\" content=\"index, follow, max-snippet:-1, max-image-preview:large, max-video-preview:-1\" \/>\n<link rel=\"canonical\" href=\"https:\/\/visitinari.fi\/fi\/majoitus\/aurora-sauna-hot-spring\/\" \/>\n<meta property=\"og:locale\" content=\"fi_FI\" \/>\n<meta property=\"og:type\" content=\"article\" \/>\n<meta property=\"og:title\" content=\"Aurora sauna &amp; Hot spring\" \/>\n<meta property=\"og:description\" content=\"Oletko haaveillut nauttivasi kauniista Inarij\u00e4rven maisemista suoraan saunan l\u00e4mm\u00f6st\u00e4 tai Hot Springista?\" \/>\n<meta property=\"og:url\" content=\"https:\/\/visitinari.fi\/fi\/majoitus\/aurora-sauna-hot-spring\/\" \/>\n<meta property=\"og:site_name\" content=\"Visit Inari, Suomen Lapissa\" \/>\n<meta property=\"article:publisher\" content=\"https:\/\/www.facebook.com\/visitinarisafaris\/\" \/>\n<meta property=\"article:modified_time\" content=\"2025-10-03T11:19:20+00:00\" \/>\n<meta property=\"og:image\" content=\"https:\/\/visitinari.fi\/wp-content\/uploads\/2020\/05\/Arctic-sauna-pool-800x530-1.png\" \/>\n\t<meta property=\"og:image:width\" content=\"800\" \/>\n\t<meta property=\"og:image:height\" content=\"530\" \/>\n\t<meta property=\"og:image:type\" content=\"image\/png\" \/>\n<meta name=\"twitter:card\" content=\"summary_large_image\" \/>\n<meta name=\"twitter:label1\" content=\"Arvioitu lukuaika\" \/>\n\t<meta name=\"twitter:data1\" content=\"3 minuuttia\" \/>\n<script type=\"application\/ld+json\" class=\"yoast-schema-graph\">{\"@context\":\"https:\\\/\\\/schema.org\",\"@graph\":[{\"@type\":\"WebPage\",\"@id\":\"https:\\\/\\\/visitinari.fi\\\/fi\\\/aurora-sauna-hot-spring\\\/\",\"url\":\"https:\\\/\\\/visitinari.fi\\\/fi\\\/majoitus\\\/aurora-sauna-hot-spring\\\/\",\"name\":\"Aurora sauna & Hot spring - Visit Inari, Suomen Lapissa\",\"isPartOf\":{\"@id\":\"https:\\\/\\\/visitinari.fi\\\/fi\\\/#website\"},\"primaryImageOfPage\":{\"@id\":\"https:\\\/\\\/visitinari.fi\\\/fi\\\/majoitus\\\/aurora-sauna-hot-spring\\\/#primaryimage\"},\"image\":{\"@id\":\"https:\\\/\\\/visitinari.fi\\\/fi\\\/majoitus\\\/aurora-sauna-hot-spring\\\/#primaryimage\"},\"thumbnailUrl\":\"https:\\\/\\\/visitinari.fi\\\/wp-content\\\/uploads\\\/2020\\\/05\\\/Arctic-sauna-pool-800x530-1.png\",\"datePublished\":\"2020-05-28T11:48:26+00:00\",\"dateModified\":\"2025-10-03T11:19:20+00:00\",\"description\":\"Oletko haaveillut nauttivasi kauniista Inarij\u00e4rven maisemista suoraan saunan l\u00e4mm\u00f6st\u00e4 tai Hot Springista?\",\"breadcrumb\":{\"@id\":\"https:\\\/\\\/visitinari.fi\\\/fi\\\/majoitus\\\/aurora-sauna-hot-spring\\\/#breadcrumb\"},\"inLanguage\":\"fi\",\"potentialAction\":[{\"@type\":\"ReadAction\",\"target\":[\"https:\\\/\\\/visitinari.fi\\\/fi\\\/majoitus\\\/aurora-sauna-hot-spring\\\/\"]}]},{\"@type\":\"ImageObject\",\"inLanguage\":\"fi\",\"@id\":\"https:\\\/\\\/visitinari.fi\\\/fi\\\/majoitus\\\/aurora-sauna-hot-spring\\\/#primaryimage\",\"url\":\"https:\\\/\\\/visitinari.fi\\\/wp-content\\\/uploads\\\/2020\\\/05\\\/Arctic-sauna-pool-800x530-1.png\",\"contentUrl\":\"https:\\\/\\\/visitinari.fi\\\/wp-content\\\/uploads\\\/2020\\\/05\\\/Arctic-sauna-pool-800x530-1.png\",\"width\":800,\"height\":530,\"caption\":\"Hot Spring\"},{\"@type\":\"BreadcrumbList\",\"@id\":\"https:\\\/\\\/visitinari.fi\\\/fi\\\/majoitus\\\/aurora-sauna-hot-spring\\\/#breadcrumb\",\"itemListElement\":[{\"@type\":\"ListItem\",\"position\":1,\"name\":\"Home\",\"item\":\"https:\\\/\\\/visitinari.fi\\\/fi\\\/\"},{\"@type\":\"ListItem\",\"position\":2,\"name\":\"Aurora sauna &#038; Hot spring\"}]},{\"@type\":\"WebSite\",\"@id\":\"https:\\\/\\\/visitinari.fi\\\/fi\\\/#website\",\"url\":\"https:\\\/\\\/visitinari.fi\\\/fi\\\/\",\"name\":\"Visit Inari, Finland, Lapland\",\"description\":\"Safaris & Accommodation\",\"publisher\":{\"@id\":\"https:\\\/\\\/visitinari.fi\\\/fi\\\/#organization\"},\"potentialAction\":[{\"@type\":\"SearchAction\",\"target\":{\"@type\":\"EntryPoint\",\"urlTemplate\":\"https:\\\/\\\/visitinari.fi\\\/fi\\\/?s={search_term_string}\"},\"query-input\":{\"@type\":\"PropertyValueSpecification\",\"valueRequired\":true,\"valueName\":\"search_term_string\"}}],\"inLanguage\":\"fi\"},{\"@type\":[\"Organization\",\"Place\"],\"@id\":\"https:\\\/\\\/visitinari.fi\\\/fi\\\/#organization\",\"name\":\"Visit Inari - Accommodation & Safaris\",\"url\":\"https:\\\/\\\/visitinari.fi\\\/\",\"logo\":{\"@type\":\"ImageObject\",\"inLanguage\":\"fi\",\"@id\":\"https:\\\/\\\/visitinari.fi\\\/fi\\\/#\\\/schema\\\/logo\\\/image\\\/\",\"url\":\"https:\\\/\\\/visitinari.fi\\\/wp-content\\\/uploads\\\/2018\\\/06\\\/Visit-Inari-Safaris-Accommodation-COLOR.png\",\"contentUrl\":\"https:\\\/\\\/visitinari.fi\\\/wp-content\\\/uploads\\\/2018\\\/06\\\/Visit-Inari-Safaris-Accommodation-COLOR.png\",\"width\":1920,\"height\":1521,\"caption\":\"Visit Inari - Accommodation & Safaris\"},\"image\":{\"@id\":\"https:\\\/\\\/visitinari.fi\\\/fi\\\/#\\\/schema\\\/logo\\\/image\\\/\"},\"sameAs\":[\"https:\\\/\\\/www.facebook.com\\\/visitinarisafaris\\\/\",\"https:\\\/\\\/www.instagram.com\\\/\"],\"telephone\":[\"+358 40 179 6069\"],\"contactPoint\":{\"@type\":\"ContactPoint\",\"telephone\":\"+358 40 179 6069\",\"email\":\"sales@visitinari.fi\"},\"email\":\"sales@visitinari.fi\",\"vatID\":\"2702265-6\"}]}<\/script>\n<!-- \/ Yoast SEO Premium plugin. -->","yoast_head_json":{"title":"Aurora sauna & Hot spring - Visit Inari, Suomen Lapissa","description":"Oletko haaveillut nauttivasi kauniista Inarij\u00e4rven maisemista suoraan saunan l\u00e4mm\u00f6st\u00e4 tai Hot Springista?","robots":{"index":"index","follow":"follow","max-snippet":"max-snippet:-1","max-image-preview":"max-image-preview:large","max-video-preview":"max-video-preview:-1"},"canonical":"https:\/\/visitinari.fi\/fi\/majoitus\/aurora-sauna-hot-spring\/","og_locale":"fi_FI","og_type":"article","og_title":"Aurora sauna & Hot spring","og_description":"Oletko haaveillut nauttivasi kauniista Inarij\u00e4rven maisemista suoraan saunan l\u00e4mm\u00f6st\u00e4 tai Hot Springista?","og_url":"https:\/\/visitinari.fi\/fi\/majoitus\/aurora-sauna-hot-spring\/","og_site_name":"Visit Inari, Suomen Lapissa","article_publisher":"https:\/\/www.facebook.com\/visitinarisafaris\/","article_modified_time":"2025-10-03T11:19:20+00:00","og_image":[{"width":800,"height":530,"url":"https:\/\/visitinari.fi\/wp-content\/uploads\/2020\/05\/Arctic-sauna-pool-800x530-1.png","type":"image\/png"}],"twitter_card":"summary_large_image","twitter_misc":{"Arvioitu lukuaika":"3 minuuttia"},"schema":{"@context":"https:\/\/schema.org","@graph":[{"@type":"WebPage","@id":"https:\/\/visitinari.fi\/fi\/aurora-sauna-hot-spring\/","url":"https:\/\/visitinari.fi\/fi\/majoitus\/aurora-sauna-hot-spring\/","name":"Aurora sauna & Hot spring - Visit Inari, Suomen Lapissa","isPartOf":{"@id":"https:\/\/visitinari.fi\/fi\/#website"},"primaryImageOfPage":{"@id":"https:\/\/visitinari.fi\/fi\/majoitus\/aurora-sauna-hot-spring\/#primaryimage"},"image":{"@id":"https:\/\/visitinari.fi\/fi\/majoitus\/aurora-sauna-hot-spring\/#primaryimage"},"thumbnailUrl":"https:\/\/visitinari.fi\/wp-content\/uploads\/2020\/05\/Arctic-sauna-pool-800x530-1.png","datePublished":"2020-05-28T11:48:26+00:00","dateModified":"2025-10-03T11:19:20+00:00","description":"Oletko haaveillut nauttivasi kauniista Inarij\u00e4rven maisemista suoraan saunan l\u00e4mm\u00f6st\u00e4 tai Hot Springista?","breadcrumb":{"@id":"https:\/\/visitinari.fi\/fi\/majoitus\/aurora-sauna-hot-spring\/#breadcrumb"},"inLanguage":"fi","potentialAction":[{"@type":"ReadAction","target":["https:\/\/visitinari.fi\/fi\/majoitus\/aurora-sauna-hot-spring\/"]}]},{"@type":"ImageObject","inLanguage":"fi","@id":"https:\/\/visitinari.fi\/fi\/majoitus\/aurora-sauna-hot-spring\/#primaryimage","url":"https:\/\/visitinari.fi\/wp-content\/uploads\/2020\/05\/Arctic-sauna-pool-800x530-1.png","contentUrl":"https:\/\/visitinari.fi\/wp-content\/uploads\/2020\/05\/Arctic-sauna-pool-800x530-1.png","width":800,"height":530,"caption":"Hot Spring"},{"@type":"BreadcrumbList","@id":"https:\/\/visitinari.fi\/fi\/majoitus\/aurora-sauna-hot-spring\/#breadcrumb","itemListElement":[{"@type":"ListItem","position":1,"name":"Home","item":"https:\/\/visitinari.fi\/fi\/"},{"@type":"ListItem","position":2,"name":"Aurora sauna &#038; Hot spring"}]},{"@type":"WebSite","@id":"https:\/\/visitinari.fi\/fi\/#website","url":"https:\/\/visitinari.fi\/fi\/","name":"Visit Inari, Finland, Lapland","description":"Safaris & Accommodation","publisher":{"@id":"https:\/\/visitinari.fi\/fi\/#organization"},"potentialAction":[{"@type":"SearchAction","target":{"@type":"EntryPoint","urlTemplate":"https:\/\/visitinari.fi\/fi\/?s={search_term_string}"},"query-input":{"@type":"PropertyValueSpecification","valueRequired":true,"valueName":"search_term_string"}}],"inLanguage":"fi"},{"@type":["Organization","Place"],"@id":"https:\/\/visitinari.fi\/fi\/#organization","name":"Visit Inari - Accommodation & Safaris","url":"https:\/\/visitinari.fi\/","logo":{"@type":"ImageObject","inLanguage":"fi","@id":"https:\/\/visitinari.fi\/fi\/#\/schema\/logo\/image\/","url":"https:\/\/visitinari.fi\/wp-content\/uploads\/2018\/06\/Visit-Inari-Safaris-Accommodation-COLOR.png","contentUrl":"https:\/\/visitinari.fi\/wp-content\/uploads\/2018\/06\/Visit-Inari-Safaris-Accommodation-COLOR.png","width":1920,"height":1521,"caption":"Visit Inari - Accommodation & Safaris"},"image":{"@id":"https:\/\/visitinari.fi\/fi\/#\/schema\/logo\/image\/"},"sameAs":["https:\/\/www.facebook.com\/visitinarisafaris\/","https:\/\/www.instagram.com\/"],"telephone":["+358 40 179 6069"],"contactPoint":{"@type":"ContactPoint","telephone":"+358 40 179 6069","email":"sales@visitinari.fi"},"email":"sales@visitinari.fi","vatID":"2702265-6"}]}},"_links":{"self":[{"href":"https:\/\/visitinari.fi\/fi\/wp-json\/wp\/v2\/pages\/201526","targetHints":{"allow":["GET"]}}],"collection":[{"href":"https:\/\/visitinari.fi\/fi\/wp-json\/wp\/v2\/pages"}],"about":[{"href":"https:\/\/visitinari.fi\/fi\/wp-json\/wp\/v2\/types\/page"}],"author":[{"embeddable":true,"href":"https:\/\/visitinari.fi\/fi\/wp-json\/wp\/v2\/users\/2"}],"replies":[{"embeddable":true,"href":"https:\/\/visitinari.fi\/fi\/wp-json\/wp\/v2\/comments?post=201526"}],"version-history":[{"count":19,"href":"https:\/\/visitinari.fi\/fi\/wp-json\/wp\/v2\/pages\/201526\/revisions"}],"predecessor-version":[{"id":273478,"href":"https:\/\/visitinari.fi\/fi\/wp-json\/wp\/v2\/pages\/201526\/revisions\/273478"}],"wp:featuredmedia":[{"embeddable":true,"href":"https:\/\/visitinari.fi\/fi\/wp-json\/wp\/v2\/media\/201133"}],"wp:attachment":[{"href":"https:\/\/visitinari.fi\/fi\/wp-json\/wp\/v2\/media?parent=201526"}],"curies":[{"name":"wp","href":"https:\/\/api.w.org\/{rel}","templated":true}]}}