{"id":1717,"date":"2018-06-15T08:56:26","date_gmt":"2018-06-15T05:56:26","guid":{"rendered":"http:\/\/109.163.208.1\/~visitinari\/booking-terms-conditions\/"},"modified":"2026-04-09T16:14:12","modified_gmt":"2026-04-09T13:14:12","slug":"varausehdot","status":"publish","type":"page","link":"https:\/\/visitinari.fi\/fi\/varausehdot\/","title":{"rendered":"Varausehdot"},"content":{"rendered":"<h3>VARAUSEHDOT YKSITT\u00c4ISILLE MATKAILIJOILLE<\/h3>\n<h6><strong>Voimassa: 1.6.2025 &#8211; 30.9.2026<\/strong><\/h6>\n<p><strong>\u00a0<\/strong><\/p>\n<p><strong>M\u00c4\u00c4RITELM\u00c4T<\/strong><\/p>\n<p>\u201cVisit Inari Safaris &amp; Accommodation\u201d on markkinointinimi Visit Inari Oy:lle, mukaan lukien Visit Inari Safaris, Hotelli Inari, Lomakyl\u00e4 Inari ja Korppiojan m\u00f6kit.<\/p>\n<h3>VARAUKSET JA MAKSUT<\/h3>\n<h4>Maksuehdot:<\/h4>\n<p>Varaukset tulee olla maksettuna ennen saapumista seuraavasti:<\/p>\n<h4>Majoitus:<\/h4>\n<p><strong>Varaus ajalle 1.12.2026 &#8211; 31.3.2027, 1.- 20.9.2026 ja Tapahtumaviikonloppuina:<\/strong><\/p>\n<ul>\n<li>\u00a0Varauksen yhteydess\u00e4 100 % loppumaksu varauksen kokonaisarvosta<\/li>\n<\/ul>\n<p><strong>Muut ajankohdat:<\/strong><\/p>\n<ul>\n<li>\u00a07 p\u00e4iv\u00e4\u00e4 ennen 100 % loppumaksu varauksen kokonaisarvosta<\/li>\n<\/ul>\n<h4>Ravintolavaraukset:<\/h4>\n<ul>\n<li>\u00a014 p\u00e4iv\u00e4\u00e4 ennen 100 % loppumaksu varauksen kokonaisarvosta<\/li>\n<\/ul>\n<h4>Aktiviteetti- ja kuljetusvaraukset:<\/h4>\n<p><strong>Varaus ajalle 1.12.2026 &#8211; 31.3.2027 ja Tapahtumaviikonloppuina:<\/strong><\/p>\n<ul>\n<li>\u00a0Varauksen yhteydess\u00e4 100 % loppumaksu varauksen kokonaisarvosta<\/li>\n<\/ul>\n<p><strong>Muut ajankohdat:<\/strong><\/p>\n<ul>\n<li>\u00a07 p\u00e4iv\u00e4\u00e4 ennen 100 % loppumaksu varauksen kokonaisarvosta<\/li>\n<\/ul>\n<h4>Lomapaketit ja Y\u00f6n yli safarit:<\/h4>\n<p><strong>Varaus ajalle 14.12.2026 &#8211; 3.1.2027 ja Tapahtumaviikonloppuina:<\/strong><\/p>\n<ul>\n<li>Varauksen yhteydess\u00e4 30 % varausmaksu varauksen kokonaisarvosta<\/li>\n<li>60 p\u00e4iv\u00e4\u00e4 ennen 100 % loppumaksu varauksen kokonaisarvosta<\/li>\n<\/ul>\n<p><strong>Varaus ajalle 1. &#8211; 13.12.2026, 4.1 &#8211; 31.3.2027 ja 1. &#8211; 20.9.2026:<\/strong><\/p>\n<ul>\n<li>\u00a0Varauksen yhteydess\u00e4 30 % varausmaksu varauksen kokonaisarvosta<\/li>\n<li>30 p\u00e4iv\u00e4\u00e4 ennen 100 % loppumaksu varauksen kokonaisarvosta<\/li>\n<\/ul>\n<p><strong>Muut ajankohdat:<\/strong><\/p>\n<ul>\n<li>14 p\u00e4iv\u00e4\u00e4 ennen 100 % loppumaksu varauksen kokonaisarvosta<\/li>\n<\/ul>\n<p>Varaus katsotaan vahvistuneeksi, kun varausmaksu tai loppulasku on suoritettu. Maksusuoritukset pankin kautta tulee olla suoritettuna er\u00e4p\u00e4iv\u00e4\u00e4n menness\u00e4.<\/p>\n<p>Visit Inari Oy pid\u00e4tt\u00e4\u00e4 oikeuden perua varauksen, mik\u00e4li suoritusta ei ole tehty er\u00e4p\u00e4iv\u00e4\u00e4n menness\u00e4 tai varaaja ei ole toimittanut luottokorttitietojaan vahvistuksen varmistamiseksi.<\/p>\n<h4>RAJOITUKSET<\/h4>\n<ul>\n<li>Kahden y\u00f6n minimi viipym\u00e4 11.1.2027 &#8211; 14.3.2027 ja Tapahtumaviikonloppuina<\/li>\n<li>Kolmen y\u00f6n minimi viipym\u00e4 22.12.2026 &#8211; 10.1.2027.<\/li>\n<li>Pakollinen Juhlaillallinen 24.12. ja 31.12 Hotelli Inarissa majoittuville asiakkaille sek\u00e4 pakettilaisille.<\/li>\n<\/ul>\n<h4>Tapahtumaviikonloput:<\/h4>\n<ul>\n<li>Skabmagovat 29. &#8211; 31.1.2027 (Inari)<\/li>\n<li>\u00a0Porokuninkuusajot 26. &#8211; 28.3.2027 (Inari)<\/li>\n<li>\u00a0Ijahis Idja 14. &#8211; 16.8.2026 | 20-22.8 2027(Inari)<\/li>\n<li>Water cross viikonloppu 24- 26.7.2026 I\u00a0 30.7 &#8211; 1.8.2027 (Ivalo)<\/li>\n<\/ul>\n<h4>Maksutavat:<\/h4>\n<ul>\n<li>\u00a0Maksulinkit<\/li>\n<li>\u00a0Visa &amp; Mastercard<\/li>\n<li>\u00a0Suomalaiset nettipankit<\/li>\n<\/ul>\n<h3>PERUUTUSEHDOT<\/h3>\n<p>Kaikki peruutukset ja kyselyt liittyen peruutuksiin t\u00e4ytyy l\u00e4hett\u00e4\u00e4 s\u00e4hk\u00f6postitse osoitteeseen <a href=\"mailto:sales@visitinari.fi\">sales@visitinari.fi<\/a> arkip\u00e4iv\u00e4n\u00e4 (ma-pe) Visit Inari Oy:n toimiston aukioloaikaan \u2013 viimeist\u00e4\u00e4n klo 16:00 paikallista aikaa. My\u00f6hemmin saapuneet ilmoitukset katsotaan saapuneeksi seuraavana ty\u00f6p\u00e4iv\u00e4n\u00e4.<\/p>\n<p>Seuraavat peruutusehdot ovat voimassa sen mukaan, peruuttaako asiakas aktiviteetti-, majoitus- tai lomapaketin.<\/p>\n<h4>Majoitus:<\/h4>\n<p>Jos yksitt\u00e4inen asiakas peruuttaa varauksensa ennen varausajan alkua:<\/p>\n<p><strong>Varaus ajalle 14.12.2026 &#8211; 14.2.2027 ja Tapahtumaviikonloppuina:<\/strong><\/p>\n<ul>\n<li>\u00a0v\u00e4hint\u00e4\u00e4n 61 p\u00e4iv\u00e4\u00e4 ennen 50\u20ac toimistokulut<\/li>\n<li>\u00a060-0 p\u00e4iv\u00e4\u00e4 ennen 100% peruutusmaksu varauksen kokonaisarvosta<\/li>\n<\/ul>\n<p><strong>Varaus ajalle 1. &#8211; 13.12.2026, 15.2 &#8211; 31.3.2027 ja 1. &#8211; 20.9.2026:<\/strong><\/p>\n<ul>\n<li>\u00a0v\u00e4hint\u00e4\u00e4n 31 p\u00e4iv\u00e4\u00e4 ennen 50\u20ac toimistokulut<\/li>\n<li>\u00a030-0 p\u00e4iv\u00e4\u00e4 ennen 100% peruutusmaksu varauksen kokonaisarvosta<\/li>\n<\/ul>\n<p><strong>Muut ajankohdat:<\/strong><\/p>\n<ul>\n<li>\u00a0v\u00e4hint\u00e4\u00e4n 8 p\u00e4iv\u00e4\u00e4 ennen ilmainen peruutus<\/li>\n<li>7-0 p\u00e4iv\u00e4\u00e4 ennen 100% peruutusmaksu varauksen kokonaisarvosta<\/li>\n<\/ul>\n<h4>Ravintolavaraukset:<\/h4>\n<ul>\n<li>\u00a0v\u00e4hint\u00e4\u00e4n 15 p\u00e4iv\u00e4\u00e4 ennen 50\u20ac toimistokulut<\/li>\n<li>14-0 p\u00e4iv\u00e4\u00e4 ennen 100% peruutusmaksu varauksen kokonaisarvosta<\/li>\n<\/ul>\n<h4>Aktiviteetti- ja kuljetusvaraukset:<\/h4>\n<p>Jos yksitt\u00e4inen asiakas peruuttaa varauksensa ennen varausajan alkua:<\/p>\n<p><strong>Varaus ajalle 1.12.2026 &#8211; 31.3.2027 ja Tapahtumaviikonloppuina:<\/strong><\/p>\n<ul>\n<li>v\u00e4hint\u00e4\u00e4n 15 p\u00e4iv\u00e4\u00e4 ennen 50\u20ac toimistokulut<\/li>\n<li>14-0 p\u00e4iv\u00e4\u00e4 ennen 100% peruutusmaksu varauksen kokonaisarvosta<\/li>\n<\/ul>\n<p><strong>Muut ajankohdat:<\/strong><\/p>\n<ul>\n<li>v\u00e4hint\u00e4\u00e4n 8 p\u00e4iv\u00e4\u00e4 ennen 50\u20ac toimistokulut<\/li>\n<li>7-0 p\u00e4iv\u00e4\u00e4 ennen 100% peruutusmaksu varauksen kokonaisarvosta<\/li>\n<\/ul>\n<h4>Lomapaketit ja Y\u00f6n yli safarit:<\/h4>\n<p>Jos yksitt\u00e4inen asiakas peruuttaa varauksensa ennen varausajan alkua:<\/p>\n<p><strong>Varaus ajalle 14.12.2026 &#8211; 14.2.2027 ja Tapahtumaviikonloppuina:<\/strong><\/p>\n<ul>\n<li>\u00a0v\u00e4hint\u00e4\u00e4n 61 p\u00e4iv\u00e4\u00e4 ennen 50\u20ac toimistokulut<\/li>\n<li>60-0 p\u00e4iv\u00e4\u00e4 ennen 100% peruutusmaksu varauksen kokonaisarvosta<\/li>\n<\/ul>\n<p><strong>Varaus ajalle 1. &#8211; 13.12.2026, 15.2 &#8211; 31.3.2027 ja 1. &#8211; 20.9.2026:<\/strong><\/p>\n<ul>\n<li>\u00a0v\u00e4hint\u00e4\u00e4n 31 p\u00e4iv\u00e4\u00e4 ennen 50\u20ac toimistokulut<\/li>\n<li>30-0 p\u00e4iv\u00e4\u00e4 ennen 100% peruutusmaksu varauksen kokonaisarvosta<\/li>\n<\/ul>\n<p><strong>Muut ajankohdat:<\/strong><\/p>\n<ul>\n<li>\u00a0v\u00e4hint\u00e4\u00e4n 15 p\u00e4iv\u00e4\u00e4 ennen 50\u20ac toimistokulut<\/li>\n<li>14-0 p\u00e4iv\u00e4\u00e4 ennen 100% peruutusmaksu varauksen kokonaisarvosta<\/li>\n<\/ul>\n<h4>SAIRAUSTAPAUKSET<\/h4>\n<p>Sairaustapauksissa noudatetaan Visit Inarin yleisi\u00e4 peruutusehtoja. \u00a0Suosittelemme matkavakuutusta kaikille asiakkaillemme.<\/p>\n<h3>VASTUU<\/h3>\n<ul>\n<li>Visit Inari Oy ei ole vastuussa, mik\u00e4li osallistujalle aiheutuu menetyksi\u00e4 tai kuluja viiv\u00e4stymisest\u00e4 tai lentojen muuttumisesta, tapaturmasta, vahingosta, huolimattomuudesta, sairaudesta, s\u00e4\u00e4st\u00e4 tai muusta odottamasta syyst\u00e4.<\/li>\n<li>Retkien kesto on viitteellinen keskim\u00e4\u00e4r\u00e4isest\u00e4 ohjelman kestosta. Retken kesto voi muuttua johtuen tie-, s\u00e4\u00e4- tai muiden ennalta-arvaamattomien olosuhdemuutosten takia. Visit Inari ei ole vastuussa, mik\u00e4li aktiviteetille \/ retkelle osallistujalle aiheutuu lis\u00e4kuluja viiv\u00e4stymisen takia.<\/li>\n<\/ul>\n<h3>VERKKOKAUPPAVARAUKSET<\/h3>\n<ul>\n<li>Varaajan tulee tulostaa oma vahvistus, lasku ja varaus- &amp; peruutusehdot koskien verkkokauppavarauksiaan. Varausj\u00e4rjestelm\u00e4 l\u00e4hett\u00e4\u00e4 automaattisesti vahvistuksen varaajan antamaan s\u00e4hk\u00f6postiosoitteeseen. Visit Inari Oy ei ole vastuussa ep\u00e4onnistuneesta \/ keskeytyneest\u00e4 verkkokauppavarauksesta ja varaajan tulee ottaa v\u00e4litt\u00f6m\u00e4sti yhteytt\u00e4 Visit Inari Oy:n mik\u00e4li h\u00e4n ei ole saanut vahvistusta.<\/li>\n<li>Visit Inari Oy ei ole vastuussa ep\u00e4onnistuneesta \/ keskeytyneest\u00e4 verkkokauppavarauksesta, eik\u00e4 voi taata palvelun saatavuutta, mik\u00e4li n\u00e4in on tapahtunut.<\/li>\n<li>Jos verkkokauppavaraus on onnistunut, mutta palvelua ei ole en\u00e4\u00e4 saatavilla, Visit Inari Oy:n tulee tarjota vastaavaa vaihtoehtoa tai palauttaa maksettu summa kokonaisuudessaan.<\/li>\n<li>N\u00e4iden varausehtojen lis\u00e4ksi, verkkokaupasta varannut henkil\u00f6 hyv\u00e4ksyy my\u00f6s verkkosivuston yleiset k\u00e4ytt\u00f6ehdot. Ennen varauksen tekemist\u00e4 varaaja on vastuussa asiakirjojen, varausohjeiden ja varausehtojen lukemisesta.<\/li>\n<\/ul>\n<h3>Maksupalvelutarjoaja aktiviteetti-, kuljetus- ja majoitusvarauksissa<\/h3>\n<p>Maksunv\u00e4lityspalvelun toteuttajana ja maksupalveluntarjoajana toimii Paytrail Oyj (2122839- 7) yhteisty\u00f6ss\u00e4 suomalaisten pankkien ja luottolaitosten kanssa. Paytrail Oyj n\u00e4kyy maksun saajana tiliotteella tai korttilaskulla ja v\u00e4litt\u00e4\u00e4 maksun kauppiaalle. Paytrail Oyj:ll\u00e4 on maksulaitoksen toimilupa. Reklamaatiotapauksissa pyyd\u00e4mme ottamaan ensisijaisesti yhteytt\u00e4 tuotteen toimittajaan.<\/p>\n<p>Paytrail Oyj<\/p>\n<p>y-tunnus: 2122839-7<\/p>\n<p>Innova 2 Lutakonaukio 7<\/p>\n<p>40100 Jyv\u00e4skyl\u00e4<\/p>\n<p><a href=\"http:\/\/www.paytrail.com\/\">www.paytrail.com<\/a><\/p>\n<h3>MATKAPALVELUYHDISTELM\u00c4T (PAKETIT)<\/h3>\n<p>Sinulle tarjottu matkapalvelujen yhdistelm\u00e4 on direktiiviss\u00e4 (EU) 2015\/2302 tarkoitettu matkapaketti. N\u00e4in ollen sinuun sovelletaan kaikkia matkapaketteja koskevia EU-oikeuksia. Visit Inari Oy on t\u00e4ysin vastuussa koko matkapaketin asianmukaisesta toteuttamisesta.<\/p>\n<p>Lis\u00e4ksi Visit Inari Oy on hankkinut lains\u00e4\u00e4d\u00e4nn\u00f6ss\u00e4 edellytetyn suojan palauttaakseen maksusi ja, jos kuljetus sis\u00e4ltyy matkapakettiin, turvatakseen paluukuljetuksesi silt\u00e4 varalta, ett\u00e4 yrityksest\u00e4\/yrityksist\u00e4 tulee maksukyvyt\u00f6n\/maksukyvytt\u00f6mi\u00e4.<\/p>\n<p>Lis\u00e4tietoja direktiivin (EU) 2015\/2302 mukaisista t\u00e4rkeimmist\u00e4 oikeuksista: <a href=\"https:\/\/eur-lex.europa.eu\/legal-content\/FI\/TXT\/?uri=CELEX%3A32015L2302\">EUR-Lex<\/a>.<\/p>\n<h3>HINNANMUUTOKSET<\/h3>\n<p>Visit Inari Oy pid\u00e4tt\u00e4\u00e4 oikeuden korjata hintatietojen virheet ennen sopimuksen tekemist\u00e4.<\/p>\n<p>Visit Inari Oy pid\u00e4tt\u00e4\u00e4 oikeuden hinnanmuutoksiin, jos toimituskustannukset (mukaan lukien \u00f6ljy, polttoaine, verot ja alihankinnat) nousevat ennakoimattomasti.<\/p>\n<h3>VAKUUTUKSET JA VASTUUT<\/h3>\n<p><strong>Moottorikelkkailu<\/strong><\/p>\n<ul>\n<li>Moottorikelkat ovat vakuutettu kuten Suomen laki vaatii. T\u00e4m\u00e4 vakuutus sis\u00e4lt\u00e4\u00e4 kuljettajan ja matkustajan hoidon tapaturman sattuessa. Vakuutus korvaa my\u00f6s muille henkil\u00f6ille ja ajoneuvoille aiheutuneet vahingot.<\/li>\n<li>Moottorikelkan kuljettajan on oltava v\u00e4hint\u00e4\u00e4n 18-vuotias ja h\u00e4nell\u00e4 tulee olla voimassa oleva ajokortti<\/li>\n<li>Alle 12-vuotiaat lapset matkustavat moottorikelkkasafareilla oppaan kuljettamassa reess\u00e4.<\/li>\n<li>Osallistuja on t\u00e4ysin vastuussa h\u00e4nelle luovutetusta moottorikelkasta ja siihen tulevista mahdollisista vahingoista. Omavastuu vahinkotapauksissa on enint\u00e4\u00e4n 900 Euroa \/ moottorikelkka \/ tapaus.<\/li>\n<li>Mahdollisuus lunastaa 30\u20ac omavastuuvapautus, joka pienent\u00e4\u00e4 omavastuun 900 eurosta 150 euroon.<\/li>\n<li>Suomen laki kielt\u00e4\u00e4 alkoholin, p\u00e4ihteiden tai huumaavien aineiden vaikutuksen alaisena ajoneuvon kuljettamisen.<\/li>\n<li>Kelkkasafareilla jokaisen tulee k\u00e4ytt\u00e4\u00e4 kyp\u00e4r\u00e4\u00e4.<\/li>\n<\/ul>\n<p><strong>Muut vahingot<\/strong><\/p>\n<ul>\n<li>\u00a0Visit Inari Oy:t\u00e4 voidaan pit\u00e4\u00e4 vastuullisena vain henkil\u00f6- tai aineellisissa vahingoissa, jotka ovat aiheutuneet tarjotun palvelun toimittamisen aikana sattuneista onnettomuuksista ja jotka johtuvat Visit Inari Oy:n ty\u00f6tekij\u00f6iden tai alihankkijoiden huolimattomuudesta tai viallisen kaluston toimittamisesta.<\/li>\n<li>\u00a0Visit Inari Oy ei ole vastuussa mist\u00e4\u00e4n menetyksist\u00e4, vammoista tai vahingoista, jotka ovat suoria tai v\u00e4lillisi\u00e4, ja jotka johtuvat v\u00e4likohtauksista tai onnettomuuksista kuljetusten, ruokailujen, majoituksen, pelien ja muun toiminnan, retkien, pororetkien tai muiden retkien ja tapahtumien aikana, kun t\u00e4llainen menetys, vamma tai vahinko johtuu tapahtumaan osallistujan tahallisuudesta tai t\u00f6rke\u00e4st\u00e4 huolimattomuudesta.<\/li>\n<li>Visit Inari Oy ei vastaa mist\u00e4\u00e4n tapaturmasta tai vammasta, joka on korvattavissa asiakkaan matkavakuutuksen perusteella. Henkil\u00f6kohtainen matkavakuutus on suositeltavaa.<\/li>\n<li>\u00a0Ohjelmapalvelut kuten esimerkiksi moottorikelkka- ja huskysafarit voivat olla fyysisesti vaativia ja osallistujat voivat altistua erilaisille fyysisille rasitteille.<\/li>\n<li>Jos osallistujalla on sairauksia tai toimintarajoitteita, kuten syd\u00e4nsairauksia, astmaa, diabetes tai selk\u00e4 \u2013 tai lonkkavaivoja, jotka voivat vaikuttaa h\u00e4nen kykyyns\u00e4 osallistua palveluun, tai h\u00e4n on raskaana, on h\u00e4nen ennen palveluihin osallistumista oltava yhteydess\u00e4 omaan l\u00e4\u00e4k\u00e4riin varmistaakseen kyvyst\u00e4\u00e4n osallistua palveluihin.<\/li>\n<li>Jos osallistujalla on yll\u00e4 mainittu sairaus tai toimintarajoite, h\u00e4n hyv\u00e4ksyy osallistumisensa omalla vastuulla.<\/li>\n<\/ul>\n<p><strong>El\u00e4imet<\/strong><\/p>\n<p>Kaikki palveluissa k\u00e4ytett\u00e4v\u00e4t el\u00e4imet (husky- ja porosafarit) ovat koulutettu ohjelmiin niin pitk\u00e4lle kuin se mahdollista. T\u00e4st\u00e4 huolimatta, el\u00e4inten k\u00e4yt\u00f6s ei ole milloinkaan ennakoitavissa, ja vaaratilanteiden v\u00e4ltt\u00e4miseksi osallistujien tulee noudattaa palveluntuottajan turvallisuus- ja muita ohjeita.<\/p>\n<p><strong>Muut ehdot<\/strong><\/p>\n<ul>\n<li>Visit Inari Oy:ll\u00e4 ja sen alihankkijoilla on oikeus muuttaa ohjelman kestoa ja sis\u00e4lt\u00f6\u00e4 tarvittaessa s\u00e4\u00e4- olosuhteiden takia tai osallistujien turvallisuuden varmistamiseksi.<\/li>\n<li>\u00a0Visit Inari Oy:ll\u00e4 ja sen alihankkijoilla on my\u00f6s oikeus keskeytt\u00e4\u00e4 palvelu, mik\u00e4li osallistuja on vaaraksi itselleen tai muille osallistujille tai h\u00e4nen terveydentilansa on heikentynyt.<\/li>\n<li>\u00a0Toimintaan osallistuvien on luettava ja allekirjoitettava erillinen vahvistus- ja sitoutumislomake ennen palveluun osallistumista.<\/li>\n<\/ul>\n<p><strong>Visit Inari Oy:n oikeus perua varaus:<\/strong><\/p>\n<ul>\n<li>Ylivoimaisen ennakoimattoman esteen sattuessa (Force Majeure, esim. sota, lakko, s\u00e4\u00e4, lumitilanne tai muu luonnon olosuhteisiin liittyv\u00e4 este jne.). N\u00e4iss\u00e4 tapauksissa osallistujalla on oikeus rahojen palautukseen kokonaisuudessaan.<\/li>\n<li>Jos palvelua ei maksettu kokonaisuudessaan er\u00e4p\u00e4iv\u00e4\u00e4n menness\u00e4 tai luottokorttitiedot ovat puutteelliset tai virheelliset.<\/li>\n<\/ul>\n<h4>Voimassa oleva laki ja oikeudenk\u00e4ynti:<\/h4>\n<p>Ristiriitatilanteet pyrit\u00e4\u00e4n sopimaan neuvottelemalla osapuolten kesken. Mik\u00e4li kauppasopimusta koskevaa erimielisyytt\u00e4 ei saada sovittua neuvottelemalla, riidat ratkaistaan Lapin k\u00e4r\u00e4j\u00e4oikeudessa. Sopimukseen sovelletaan Suomen lakia. Visit Inari ei tule olemaan vastuussa julkaisun j\u00e4lkeisist\u00e4 muutoksista, jotka eiv\u00e4t ole Visit Inari Oy:n hallinnassa.<\/p>\n<p><em>Visit Inari Oy pid\u00e4tt\u00e4\u00e4 kaikki oikeudet muutoksiin.<\/em><\/p>\n","protected":false},"excerpt":{"rendered":"<p>VARAUSEHDOT YKSITT\u00c4ISILLE MATKAILIJOILLE Voimassa: 1.6.2025 &#8211; 30.9.2026 \u00a0 M\u00c4\u00c4RITELM\u00c4T \u201cVisit Inari Safaris &amp; Accommodation\u201d on markkinointinimi Visit Inari Oy:lle, mukaan lukien Visit Inari Safaris, Hotelli Inari, Lomakyl\u00e4 Inari ja Korppiojan m\u00f6kit. VARAUKSET JA MAKSUT Maksuehdot: Varaukset tulee olla maksettuna ennen saapumista seuraavasti: Majoitus: Varaus ajalle 1.12.2026 &#8211; 31.3.2027, 1.- 20.9.2026 ja Tapahtumaviikonloppuina: \u00a0Varauksen yhteydess\u00e4 100 [&hellip;]<\/p>\n","protected":false},"author":2,"featured_media":0,"parent":0,"menu_order":15,"comment_status":"closed","ping_status":"closed","template":"","meta":{"footnotes":""},"class_list":["post-1717","page","type-page","status-publish","hentry"],"yoast_head":"<title>Varausehdot - Visit Inari, Suomen Lapissa<\/title>\n<meta name=\"robots\" content=\"index, follow, max-snippet:-1, max-image-preview:large, max-video-preview:-1\" \/>\n<link rel=\"canonical\" href=\"https:\/\/visitinari.fi\/fi\/varausehdot\/\" \/>\n<meta property=\"og:locale\" content=\"fi_FI\" \/>\n<meta property=\"og:type\" content=\"article\" \/>\n<meta property=\"og:title\" content=\"Varausehdot\" \/>\n<meta property=\"og:description\" content=\"VARAUSEHDOT YKSITT\u00c4ISILLE MATKAILIJOILLE Voimassa: 1.6.2025 &#8211; 30.9.2026 \u00a0 M\u00c4\u00c4RITELM\u00c4T \u201cVisit Inari Safaris &amp; Accommodation\u201d on markkinointinimi Visit Inari Oy:lle, mukaan lukien Visit Inari Safaris, Hotelli Inari, Lomakyl\u00e4 Inari ja Korppiojan m\u00f6kit. VARAUKSET JA MAKSUT Maksuehdot: Varaukset tulee olla maksettuna ennen saapumista seuraavasti: Majoitus: Varaus ajalle 1.12.2026 &#8211; 31.3.2027, 1.- 20.9.2026 ja Tapahtumaviikonloppuina: \u00a0Varauksen yhteydess\u00e4 100 [&hellip;]\" \/>\n<meta property=\"og:url\" content=\"https:\/\/visitinari.fi\/fi\/varausehdot\/\" \/>\n<meta property=\"og:site_name\" content=\"Visit Inari, Suomen Lapissa\" \/>\n<meta property=\"article:publisher\" content=\"https:\/\/www.facebook.com\/visitinarisafaris\/\" \/>\n<meta property=\"article:modified_time\" content=\"2026-04-09T13:14:12+00:00\" \/>\n<meta name=\"twitter:card\" content=\"summary_large_image\" \/>\n<meta name=\"twitter:label1\" content=\"Arvioitu lukuaika\" \/>\n\t<meta name=\"twitter:data1\" content=\"6 minuuttia\" \/>\n<script type=\"application\/ld+json\" class=\"yoast-schema-graph\">{\"@context\":\"https:\/\/schema.org\",\"@graph\":[{\"@type\":\"WebPage\",\"@id\":\"https:\/\/visitinari.fi\/fi\/varausehdot\/\",\"url\":\"https:\/\/visitinari.fi\/fi\/varausehdot\/\",\"name\":\"Varausehdot - Visit Inari, Suomen Lapissa\",\"isPartOf\":{\"@id\":\"https:\/\/visitinari.fi\/fi\/#website\"},\"datePublished\":\"2018-06-15T05:56:26+00:00\",\"dateModified\":\"2026-04-09T13:14:12+00:00\",\"breadcrumb\":{\"@id\":\"https:\/\/visitinari.fi\/fi\/varausehdot\/#breadcrumb\"},\"inLanguage\":\"fi\",\"potentialAction\":[{\"@type\":\"ReadAction\",\"target\":[\"https:\/\/visitinari.fi\/fi\/varausehdot\/\"]}]},{\"@type\":\"BreadcrumbList\",\"@id\":\"https:\/\/visitinari.fi\/fi\/varausehdot\/#breadcrumb\",\"itemListElement\":[{\"@type\":\"ListItem\",\"position\":1,\"name\":\"Home\",\"item\":\"https:\/\/visitinari.fi\/fi\/\"},{\"@type\":\"ListItem\",\"position\":2,\"name\":\"Varausehdot\"}]},{\"@type\":\"WebSite\",\"@id\":\"https:\/\/visitinari.fi\/fi\/#website\",\"url\":\"https:\/\/visitinari.fi\/fi\/\",\"name\":\"Visit Inari, Finland, Lapland\",\"description\":\"Safaris & Accommodation\",\"publisher\":{\"@id\":\"https:\/\/visitinari.fi\/fi\/#organization\"},\"potentialAction\":[{\"@type\":\"SearchAction\",\"target\":{\"@type\":\"EntryPoint\",\"urlTemplate\":\"https:\/\/visitinari.fi\/fi\/?s={search_term_string}\"},\"query-input\":{\"@type\":\"PropertyValueSpecification\",\"valueRequired\":true,\"valueName\":\"search_term_string\"}}],\"inLanguage\":\"fi\"},{\"@type\":[\"Organization\",\"Place\"],\"@id\":\"https:\/\/visitinari.fi\/fi\/#organization\",\"name\":\"Visit Inari - Accommodation & Safaris\",\"url\":\"https:\/\/visitinari.fi\/\",\"logo\":{\"@type\":\"ImageObject\",\"inLanguage\":\"fi\",\"@id\":\"https:\/\/visitinari.fi\/fi\/#\/schema\/logo\/image\/\",\"url\":\"https:\/\/visitinari.fi\/wp-content\/uploads\/2018\/06\/Visit-Inari-Safaris-Accommodation-COLOR.png\",\"contentUrl\":\"https:\/\/visitinari.fi\/wp-content\/uploads\/2018\/06\/Visit-Inari-Safaris-Accommodation-COLOR.png\",\"width\":1920,\"height\":1521,\"caption\":\"Visit Inari - Accommodation & Safaris\"},\"image\":{\"@id\":\"https:\/\/visitinari.fi\/fi\/#\/schema\/logo\/image\/\"},\"sameAs\":[\"https:\/\/www.facebook.com\/visitinarisafaris\/\",\"https:\/\/www.instagram.com\/\"],\"telephone\":[\"+358 40 179 6069\"],\"contactPoint\":{\"@type\":\"ContactPoint\",\"telephone\":\"+358 40 179 6069\",\"email\":\"sales@visitinari.fi\"},\"email\":\"sales@visitinari.fi\",\"vatID\":\"2702265-6\"}]}<\/script>","yoast_head_json":{"title":"Varausehdot - Visit Inari, Suomen Lapissa","robots":{"index":"index","follow":"follow","max-snippet":"max-snippet:-1","max-image-preview":"max-image-preview:large","max-video-preview":"max-video-preview:-1"},"canonical":"https:\/\/visitinari.fi\/fi\/varausehdot\/","og_locale":"fi_FI","og_type":"article","og_title":"Varausehdot","og_description":"VARAUSEHDOT YKSITT\u00c4ISILLE MATKAILIJOILLE Voimassa: 1.6.2025 &#8211; 30.9.2026 \u00a0 M\u00c4\u00c4RITELM\u00c4T \u201cVisit Inari Safaris &amp; Accommodation\u201d on markkinointinimi Visit Inari Oy:lle, mukaan lukien Visit Inari Safaris, Hotelli Inari, Lomakyl\u00e4 Inari ja Korppiojan m\u00f6kit. VARAUKSET JA MAKSUT Maksuehdot: Varaukset tulee olla maksettuna ennen saapumista seuraavasti: Majoitus: Varaus ajalle 1.12.2026 &#8211; 31.3.2027, 1.- 20.9.2026 ja Tapahtumaviikonloppuina: \u00a0Varauksen yhteydess\u00e4 100 [&hellip;]","og_url":"https:\/\/visitinari.fi\/fi\/varausehdot\/","og_site_name":"Visit Inari, Suomen Lapissa","article_publisher":"https:\/\/www.facebook.com\/visitinarisafaris\/","article_modified_time":"2026-04-09T13:14:12+00:00","twitter_card":"summary_large_image","twitter_misc":{"Arvioitu lukuaika":"6 minuuttia"},"schema":{"@context":"https:\/\/schema.org","@graph":[{"@type":"WebPage","@id":"https:\/\/visitinari.fi\/fi\/varausehdot\/","url":"https:\/\/visitinari.fi\/fi\/varausehdot\/","name":"Varausehdot - Visit Inari, Suomen Lapissa","isPartOf":{"@id":"https:\/\/visitinari.fi\/fi\/#website"},"datePublished":"2018-06-15T05:56:26+00:00","dateModified":"2026-04-09T13:14:12+00:00","breadcrumb":{"@id":"https:\/\/visitinari.fi\/fi\/varausehdot\/#breadcrumb"},"inLanguage":"fi","potentialAction":[{"@type":"ReadAction","target":["https:\/\/visitinari.fi\/fi\/varausehdot\/"]}]},{"@type":"BreadcrumbList","@id":"https:\/\/visitinari.fi\/fi\/varausehdot\/#breadcrumb","itemListElement":[{"@type":"ListItem","position":1,"name":"Home","item":"https:\/\/visitinari.fi\/fi\/"},{"@type":"ListItem","position":2,"name":"Varausehdot"}]},{"@type":"WebSite","@id":"https:\/\/visitinari.fi\/fi\/#website","url":"https:\/\/visitinari.fi\/fi\/","name":"Visit Inari, Finland, Lapland","description":"Safaris & Accommodation","publisher":{"@id":"https:\/\/visitinari.fi\/fi\/#organization"},"potentialAction":[{"@type":"SearchAction","target":{"@type":"EntryPoint","urlTemplate":"https:\/\/visitinari.fi\/fi\/?s={search_term_string}"},"query-input":{"@type":"PropertyValueSpecification","valueRequired":true,"valueName":"search_term_string"}}],"inLanguage":"fi"},{"@type":["Organization","Place"],"@id":"https:\/\/visitinari.fi\/fi\/#organization","name":"Visit Inari - Accommodation & Safaris","url":"https:\/\/visitinari.fi\/","logo":{"@type":"ImageObject","inLanguage":"fi","@id":"https:\/\/visitinari.fi\/fi\/#\/schema\/logo\/image\/","url":"https:\/\/visitinari.fi\/wp-content\/uploads\/2018\/06\/Visit-Inari-Safaris-Accommodation-COLOR.png","contentUrl":"https:\/\/visitinari.fi\/wp-content\/uploads\/2018\/06\/Visit-Inari-Safaris-Accommodation-COLOR.png","width":1920,"height":1521,"caption":"Visit Inari - Accommodation & Safaris"},"image":{"@id":"https:\/\/visitinari.fi\/fi\/#\/schema\/logo\/image\/"},"sameAs":["https:\/\/www.facebook.com\/visitinarisafaris\/","https:\/\/www.instagram.com\/"],"telephone":["+358 40 179 6069"],"contactPoint":{"@type":"ContactPoint","telephone":"+358 40 179 6069","email":"sales@visitinari.fi"},"email":"sales@visitinari.fi","vatID":"2702265-6"}]}},"_links":{"self":[{"href":"https:\/\/visitinari.fi\/fi\/wp-json\/wp\/v2\/pages\/1717","targetHints":{"allow":["GET"]}}],"collection":[{"href":"https:\/\/visitinari.fi\/fi\/wp-json\/wp\/v2\/pages"}],"about":[{"href":"https:\/\/visitinari.fi\/fi\/wp-json\/wp\/v2\/types\/page"}],"author":[{"embeddable":true,"href":"https:\/\/visitinari.fi\/fi\/wp-json\/wp\/v2\/users\/2"}],"replies":[{"embeddable":true,"href":"https:\/\/visitinari.fi\/fi\/wp-json\/wp\/v2\/comments?post=1717"}],"version-history":[{"count":34,"href":"https:\/\/visitinari.fi\/fi\/wp-json\/wp\/v2\/pages\/1717\/revisions"}],"predecessor-version":[{"id":274507,"href":"https:\/\/visitinari.fi\/fi\/wp-json\/wp\/v2\/pages\/1717\/revisions\/274507"}],"wp:attachment":[{"href":"https:\/\/visitinari.fi\/fi\/wp-json\/wp\/v2\/media?parent=1717"}],"curies":[{"name":"wp","href":"https:\/\/api.w.org\/{rel}","templated":true}]}}